{"id":6620,"date":"2026-04-21T12:09:58","date_gmt":"2026-04-21T09:09:58","guid":{"rendered":"https:\/\/wiki.dev.voka.io\/calculadora-da-data-provavel-do-parto\/"},"modified":"2026-04-28T14:01:16","modified_gmt":"2026-04-28T11:01:16","slug":"calculadora-da-data-provavel-do-parto","status":"publish","type":"page","link":"https:\/\/wiki.dev.voka.io\/pt\/ferramentas\/calculadora-da-data-provavel-do-parto\/","title":{"rendered":"Calculadora gestacional e da data prov\u00e1vel do parto"},"content":{"rendered":"<p><?xml encoding=\"UTF-8\" ?><\/p>\n<h2 class=\"wp-block-heading\" id=\"como-calcular-a-data-provavel-do-parto\">Como calcular a data prov\u00e1vel do parto?<\/h2>\n<p>Existem v\u00e1rias maneiras de calcular a data prov\u00e1vel do parto. Cada uma delas se baseia em dados de entrada ligeiramente diferentes, portanto, o resultado pode variar dependendo do m\u00e9todo escolhido.<\/p>\n<p><strong>Importante:<\/strong><\/p>\n<ul class=\"wp-block-list\">\n<li>Apenas 4% a 5% dos beb\u00eas nascem exatamente na data prov\u00e1vel do parto.<\/li>\n<li>Uma gravidez a termo normalmente dura entre 37 e 42 semanas.<\/li>\n<li>DPP \u00e9 uma data estimada que pode mudar ap\u00f3s exames m\u00e9dicos.<\/li>\n<li>Diferentes m\u00e9todos de c\u00e1lculo (pela data da \u00faltima menstrua\u00e7\u00e3o, pela data da concep\u00e7\u00e3o, pelo ultrassom) podem dar resultados ligeiramente diferentes.<\/li>\n<\/ul>\n<h3 class=\"wp-block-heading\" id=\"pelo-1o-dia-da-ultima-menstruacao\">Pelo 1\u00ba dia da \u00faltima menstrua\u00e7\u00e3o<\/h3>\n<p>Este \u00e9 o m\u00e9todo mais comum de calcula\u00e7\u00e3o de data prov\u00e1vel do parto.  Ele se baseia no 1\u00ba dia da \u00faltima menstrua\u00e7\u00e3o, pois, na maioria das vezes, essa data \u00e9 mais f\u00e1cil de lembrar do que o dia exato da concep\u00e7\u00e3o.<\/p>\n<p>Em m\u00e9dia, uma gesta\u00e7\u00e3o dura cerca de 40 semanas (280 dias), por isso o c\u00e1lculo parece simples: \u00e9 s\u00f3 adicionar 280 dias ao 1\u00ba dia da \u00faltima menstrua\u00e7\u00e3o. Esse m\u00e9todo \u00e9 conhecido como regra de Naegele.<\/p>\n<p class=\"blocked-text\"><mark style=\"background-color:rgba(0, 0, 0, 0);color:#0a717b\" class=\"has-inline-color\">F\u00f3rmula<\/mark>: Data prov\u00e1vel do parto = 1\u00ba dia da \u00faltima menstrua\u00e7\u00e3o + 280 dias<\/p>\n<p>Ou voc\u00ea tamb\u00e9m pode subtrair 3 meses da data da \u00faltima menstrua\u00e7\u00e3o e adicionar 7 dias.<\/p>\n<p><strong>Por exemplo, o 1\u00ba dia da \u00faltima menstrua\u00e7\u00e3o foi 10 de janeiro.<\/strong><\/p>\n<ul class=\"wp-block-list\">\n<li>Menos 3 meses \u2192 10 de outubro;<\/li>\n<li>Mais 7 dias \u2192 17 de outubro.<\/li>\n<\/ul>\n<p><strong>Data prov\u00e1vel do parto<\/strong>: 17 de outubro.<\/p>\n<p>Esse m\u00e9todo implica um ciclo regular de 28 dias e a ovula\u00e7\u00e3o por volta do 14\u00ba dia Se o seu ciclo for irregular, a data pode ser menos precisa, mas esse m\u00e9todo continua sendo um ponto de partida confi\u00e1vel, sendo amplamente utilizado por m\u00e9dicos.<\/p>\n<h3 class=\"wp-block-heading\" id=\"pela-data-da-concepcao\">Pela data da concep\u00e7\u00e3o<\/h3>\n<p>Se souber a data estimada da concep\u00e7\u00e3o, voc\u00ea pode calcular a data prov\u00e1vel do parto adicionando 38 semanas (266 dias) a essa data.  O m\u00e9todo pode parecer mais preciso, especialmente se voc\u00ea estiver monitorando a ovula\u00e7\u00e3o ou planejando uma gravidez.<\/p>\n<p>No entanto, nem sempre \u00e9 poss\u00edvel determinar o dia exato da concep\u00e7\u00e3o.  Os espermatozoides podem permanecer vi\u00e1veis no corpo da mulher por at\u00e9 5 dias, e a ovula\u00e7\u00e3o nem sempre ocorre no mesmo dia do ciclo menstrual. Isso significa que, mesmo que o dia da rela\u00e7\u00e3o sexual seja conhecido, a fertiliza\u00e7\u00e3o pode ocorrer posteriormente.<\/p>\n<p>\u00c9 por este motivo que os m\u00e9dicos raramente utilizam apenas a data da concep\u00e7\u00e3o, mas ela pode ser um guia \u00fatil.<\/p>\n<h3 class=\"wp-block-heading\" id=\"pelo-ultrassom-precoce\">Pelo ultrassom precoce<\/h3>\n<p>O ultrassom precoce, especialmente no 1\u00ba trimestre, \u00e9 considerado um dos m\u00e9todos mais precisos para definir a data prov\u00e1vel do parto.  Na maioria das vezes, ele \u00e9 usado para confirmar ou ajustar a DPP calculada pela menstrua\u00e7\u00e3o.<\/p>\n<p>Durante o exame, o m\u00e9dico estima o tamanho do embri\u00e3o (geralmente o comprimento cabe\u00e7a-n\u00e1dega).  Essas medidas ajudam a definir a idade gestacional e a calcular a DPP com mais precis\u00e3o.<\/p>\n<p>Esse m\u00e9todo \u00e9 especialmente \u00fatil se voc\u00ea tem a menstrua\u00e7\u00e3o irregular ou n\u00e3o tem certeza da data da sua \u00faltima menstrua\u00e7\u00e3o ou da concep\u00e7\u00e3o.  Nesses casos, podem ser usados os dados do ultrassom como o principal m\u00e9todo de determina\u00e7\u00e3o da idade gestacional.<\/p>\n<p>De acordo com o Col\u00e9gio Americano de Obstetras e Ginecologistas (ACOG), o ultrassom no 1\u00ba trimestre \u00e9 o m\u00e9todo mais preciso para determinar a idade gestacional e a data prov\u00e1vel do parto.<\/p>\n<h2 class=\"wp-block-heading\" id=\"de-quantas-semanas-eu-estou-gravida\">De quantas semanas eu estou gr\u00e1vida?<\/h2>\n<p>Se voc\u00ea j\u00e1 sabe a data prov\u00e1vel do parto, calcular a idade gestacional \u00e9 bastante simples. A calculadora faz a contagem regressiva a partir da DPP (40 semanas de gesta\u00e7\u00e3o) at\u00e9 hoje e mostra a idade gestacional em semanas e dias.<\/p>\n<p>A gravidez \u00e9 normalmente dividida em tr\u00eas trimestres:<\/p>\n<div class=\"images-steps-block\">\n<div class=\"images-steps-item\">\n<div class=\"images-steps-item-marker\">\n<div class=\"images-steps-item-number\">1<\/div>\n<\/div>\n<div class=\"images-steps-item-info\">\n<p class=\"main-text-article\"><b>1\u00ba trimestre<\/b>: 1-12 semanas<\/p>\n<p><img decoding=\"async\" src=\"https:\/\/storage.googleapis.com\/dev_wiki_voka_io_303011\/common\/first-trimester.webp\"><\/div>\n<\/div>\n<div class=\"images-steps-item\">\n<div class=\"images-steps-item-marker\">\n<div class=\"images-steps-item-number\">2<\/div>\n<\/div>\n<div class=\"images-steps-item-info\">\n<p class=\"main-text-article\"><b>2\u00ba trimestre<\/b>: 13-27 semanas<\/p>\n<p><img decoding=\"async\" src=\"https:\/\/storage.googleapis.com\/dev_wiki_voka_io_303011\/common\/second-trimester.webp\"><\/div>\n<\/div>\n<div class=\"images-steps-item\">\n<div class=\"images-steps-item-marker\">\n<div class=\"images-steps-item-number\">3<\/div>\n<\/div>\n<div class=\"images-steps-item-info\">\n<p class=\"main-text-article\"><b>3\u00ba trimestre<\/b>: 28-40 semanas<\/p>\n<p><img decoding=\"async\" src=\"https:\/\/storage.googleapis.com\/dev_wiki_voka_io_303011\/common\/third-trimester.webp\"><\/div>\n<\/div>\n<\/div>\n<p>\u00c0 medida que o parto se aproxima, voc\u00ea tamb\u00e9m poder\u00e1 ouvir os termos a seguir:<\/p>\n<ul class=\"wp-block-list\">\n<li><strong>Parto prematuro:<\/strong> antes de 37 semanas<\/li>\n<li><strong>Termo precoce:<\/strong> entre 37 semanas e 0 dias e 38 semanas e 6 dias<\/li>\n<li><strong>Termo pleno:<\/strong> entre 39 semanas e 0 dias e 40 semanas e 6 dias<\/li>\n<li><strong>Termo tardio:<\/strong> entre 41 semanas e 0 dias e 41 semanas e 6 dias<\/li>\n<li><strong>Gravidez p\u00f3s-termo:<\/strong> 42 semanas ou mais.<\/li>\n<\/ul>\n<p>Essas categorias ajudam os m\u00e9dicos a avaliar o desenvolvimento fetal e a tomar decis\u00f5es sobre o parto mais seguro para a m\u00e3e e o beb\u00ea.<\/p>\n<div>\n<h2 class=\"faq-title h2-article\" id=\"faq\">FAQ<\/h2>\n<div class=\"faq-section\">\n<div class=\"faq-item faq-answer-hidden\">\n<div class=\"question-block\">\n<div class=\"faq-question\">\n<p class=\" text-black h5-title\">O que \u00e9 DPP?<\/p>\n<\/div>\n<div class=\"faq-answer text-main-text-color main-text-medium\">A DPP \u00e9 a data prov\u00e1vel do parto, ou seja, a data em que o beb\u00ea tem a maior probabilidade de nascer.  Ela \u00e9 calculada com base na dura\u00e7\u00e3o m\u00e9dia da gravidez (cerca de 40 semanas), pelo 1\u00ba dia da \u00faltima menstrua\u00e7\u00e3o, pela data da concep\u00e7\u00e3o ou pelo ultrassom precoce.<\/div>\n<\/div>\n<div class=\"expand-button-wrapper\"><button class=\"text-accent expand-button\">+<\/button><\/div>\n<\/div>\n<div class=\"faq-item faq-answer-hidden\">\n<div class=\"question-block\">\n<div class=\"faq-question\">\n<p class=\" text-black h5-title\">Qual precisa \u00e9 a calculadora de data prov\u00e1vel do parto?<\/p>\n<\/div>\n<div class=\"faq-answer text-main-text-color main-text-medium\">A calculadora proporciona uma data prevista confi\u00e1vel, mas n\u00e3o uma medi\u00e7\u00e3o exata. Apenas 5% dos beb\u00eas nascem na DPP. Ela serve mais como um guia que pode ser ajustado posteriormente com base nos resultados do ultrassom.<\/div>\n<\/div>\n<div class=\"expand-button-wrapper\"><button class=\"text-accent expand-button\">+<\/button><\/div>\n<\/div>\n<div class=\"faq-item faq-answer-hidden\">\n<div class=\"question-block\">\n<div class=\"faq-question\">\n<p class=\" text-black h5-title\">Como calcular a data prov\u00e1vel do parto se tem a menstua\u00e7\u00e3o irregular?<\/p>\n<\/div>\n<div class=\"faq-answer text-main-text-color main-text-medium\">Se o ciclo for irregular, o resultado de calcula\u00e7\u00e3o da data prov\u00e1vel do parto pela \u00faltima menstrua\u00e7\u00e3o pode ser imprecisa.  Nesse caso, o ultrassom precoce \u00e9 considerado o m\u00e9todo mais confi\u00e1vel, pois se baseia no desenvolvimento real do feto.<\/div>\n<\/div>\n<div class=\"expand-button-wrapper\"><button class=\"text-accent expand-button\">+<\/button><\/div>\n<\/div>\n<div class=\"faq-item faq-answer-hidden\">\n<div class=\"question-block\">\n<div class=\"faq-question\">\n<p class=\" text-black h5-title\">A DPP pode mudar?<\/p>\n<\/div>\n<div class=\"faq-answer text-main-text-color main-text-medium\">Sim. Principalmente no in\u00edcio da gravidez, o m\u00e9dico pode ajustar a DPP se o ultrassom mostrar uma idade gestacional diferente da inicialmente prevista.<\/div>\n<\/div>\n<div class=\"expand-button-wrapper\"><button class=\"text-accent expand-button\">+<\/button><\/div>\n<\/div>\n<div class=\"faq-item faq-answer-hidden\">\n<div class=\"question-block\">\n<div class=\"faq-question\">\n<p class=\" text-black h5-title\">Como posso saber exatamente com quantas semanas de gravidez eu estou?<\/p>\n<\/div>\n<div class=\"faq-answer text-main-text-color main-text-medium\">A idade gestacional \u00e9 calculada a partir do 1\u00ba dia da \u00faltima menstrua\u00e7\u00e3o ou por meio da contagem regressiva a partir da DPP. A maioria das calculadoras mostra a idade gestacional em semanas e dias.<\/div>\n<\/div>\n<div class=\"expand-button-wrapper\"><button class=\"text-accent expand-button\">+<\/button><\/div>\n<\/div>\n<div class=\"faq-item faq-answer-hidden\">\n<div class=\"question-block\">\n<div class=\"faq-question\">\n<p class=\" text-black h5-title\">O que \u00e9 mais preciso: a data da concep\u00e7\u00e3o ou o 1\u00ba dia da \u00faltima menstrua\u00e7\u00e3o?<\/p>\n<\/div>\n<div class=\"faq-answer text-main-text-color main-text-medium\">O 1\u00ba dia da \u00faltima menstrua\u00e7\u00e3o \u00e9 mais utilizado por ser mais f\u00e1cil de determinar. A data exata da concep\u00e7\u00e3o nem sempre pode ser descoberta. No entanto, o m\u00e9todo mais preciso para confirmar a idade gestacional \u00e9 considerado o ultrassom precoce.<\/div>\n<\/div>\n<div class=\"expand-button-wrapper\"><button class=\"text-accent expand-button\">+<\/button><\/div>\n<\/div>\n<\/div>\n<\/div>\n<div class=\"sources-list-block sources-list-hidden\" id=\"referencias\">\n<div class=\"sources-list-content\">\n<div class=\"sources-list-title\">\n<p class=\"small-text-bold text-black sources-list-title-text\">Refer\u00eancias<\/p>\n<div class=\"sources-expand-button-wrapper-mobile\">\n<div class=\"sources-expand-button\"><svg width=\"32\" height=\"32\" viewbox=\"0 0 32 32\" fill=\"none\" xmlns=\"http:\/\/www.w3.org\/2000\/svg\"><path d=\"M8 12L16 20L24 12\" stroke=\"#8C9AAB\" stroke-width=\"2\" stroke-linecap=\"round\" stroke-linejoin=\"round\"><\/path><\/svg><\/div>\n<\/div>\n<\/div>\n<div class=\"sources-list-items\">\n<div class=\"source-item\">\n<p class=\"main-text-semibold text-black\">1.<\/p>\n<div class=\"source-item-content\">\n<p class=\"main-text-semibold text-black\"><cite>American College of Obstetricians and Gynecologists (ACOG) [Internet]<\/cite><\/p>\n<p><span class=\"small-text-medium text-grey\">Dispon\u00edvel em: https:\/\/www.acog.org\/clinical\/clinical-guidance\/committee-opinion\/articles\/2017\/05\/methods-for-estimating-the-due-date<\/span><\/div>\n<\/div>\n<div class=\"source-item\">\n<p class=\"main-text-semibold text-black\">2.<\/p>\n<div class=\"source-item-content\">\n<p class=\"main-text-semibold text-black\"><cite>MSD Manuals [Internet]<\/cite><\/p>\n<p><span class=\"small-text-medium text-grey\">Dispon\u00edvel em: https:\/\/www.msdmanuals.com\/professional\/pediatrics\/perinatal-problems\/gestational-age <\/span><\/div>\n<\/div>\n<\/div>\n<\/div>\n<div class=\"sources-expand-button-wrapper\">\n<div class=\"sources-expand-button\"><svg width=\"32\" height=\"32\" viewbox=\"0 0 32 32\" fill=\"none\" xmlns=\"http:\/\/www.w3.org\/2000\/svg\"><path d=\"M8 12L16 20L24 12\" stroke=\"#8C9AAB\" stroke-width=\"2\" stroke-linecap=\"round\" stroke-linejoin=\"round\"><\/path><\/svg><\/div>\n<\/div>\n<\/div>\n","protected":false},"excerpt":{"rendered":"<p>Como calcular a data prov\u00e1vel do parto? Existem v\u00e1rias maneiras de calcular a data prov\u00e1vel do parto. Cada uma delas se baseia em dados de entrada ligeiramente diferentes, portanto, o resultado pode variar dependendo do m\u00e9todo escolhido. Importante: Pelo 1\u00ba dia da \u00faltima menstrua\u00e7\u00e3o Este \u00e9 o m\u00e9todo mais comum de calcula\u00e7\u00e3o de data prov\u00e1vel [&hellip;]<\/p>\n","protected":false},"author":5,"featured_media":0,"parent":0,"menu_order":0,"comment_status":"closed","ping_status":"closed","template":"templates\/due-date-calculator.php","meta":{"_acf_changed":false,"footnotes":""},"class_list":["post-6620","page","type-page","status-publish","hentry"],"acf":[],"yoast_head":"<!-- This site is optimized with the Yoast SEO Premium plugin v25.0 (Yoast SEO v26.5) - https:\/\/yoast.com\/wordpress\/plugins\/seo\/ -->\n<title>Calculadora da data prov\u00e1vel do parto: calcule a DPP e a idade gestacional em semanas<\/title>\n<meta name=\"description\" content=\"Descubra a data prov\u00e1vel do parto (DPP) com nossa calculadora precisa. Calcule a idade gestacional em semanas pela data da \u00faltima menstrua\u00e7\u00e3o, pela data da concep\u00e7\u00e3o ou pelo ultrassom.\" \/>\n<meta name=\"robots\" content=\"index, follow, max-snippet:-1, max-image-preview:large, max-video-preview:-1\" \/>\n<link rel=\"canonical\" href=\"https:\/\/wiki.dev.voka.io\/pt\/ferramentas\/calculadora-da-data-provavel-do-parto\/\" \/>\n<meta property=\"og:locale\" content=\"pt_PT\" \/>\n<meta property=\"og:type\" content=\"article\" \/>\n<meta property=\"og:title\" content=\"Calculadora gestacional e da data prov\u00e1vel do parto\" \/>\n<meta property=\"og:description\" content=\"Descubra a data prov\u00e1vel do parto (DPP) com nossa calculadora precisa. Calcule a idade gestacional em semanas pela data da \u00faltima menstrua\u00e7\u00e3o, pela data da concep\u00e7\u00e3o ou pelo ultrassom.\" \/>\n<meta property=\"og:url\" content=\"https:\/\/wiki.dev.voka.io\/pt\/ferramentas\/calculadora-da-data-provavel-do-parto\/\" \/>\n<meta property=\"og:site_name\" content=\"Voka Wiki\" \/>\n<meta property=\"article:publisher\" content=\"https:\/\/www.facebook.com\/VOKA3DAnatomyAndPathology\/\" \/>\n<meta property=\"article:modified_time\" content=\"2026-04-28T11:01:16+00:00\" \/>\n<meta name=\"twitter:card\" content=\"summary_large_image\" \/>\n<meta name=\"twitter:label1\" content=\"Tempo estimado de leitura\" \/>\n\t<meta name=\"twitter:data1\" content=\"5 minutos\" \/>\n<script type=\"application\/ld+json\" class=\"yoast-schema-graph\">{\"@context\":\"https:\/\/schema.org\",\"@graph\":[{\"@type\":\"WebPage\",\"@id\":\"https:\/\/wiki.dev.voka.io\/pt\/ferramentas\/calculadora-da-data-provavel-do-parto\/\",\"url\":\"https:\/\/wiki.dev.voka.io\/pt\/ferramentas\/calculadora-da-data-provavel-do-parto\/\",\"name\":\"Calculadora da data prov\u00e1vel do parto: calcule a DPP e a idade gestacional em semanas\",\"isPartOf\":{\"@id\":\"https:\/\/wiki.dev.voka.io\/pt\/#website\"},\"datePublished\":\"2026-04-21T09:09:58+00:00\",\"dateModified\":\"2026-04-28T11:01:16+00:00\",\"description\":\"Descubra a data prov\u00e1vel do parto (DPP) com nossa calculadora precisa. Calcule a idade gestacional em semanas pela data da \u00faltima menstrua\u00e7\u00e3o, pela data da concep\u00e7\u00e3o ou pelo ultrassom.\",\"breadcrumb\":{\"@id\":\"https:\/\/wiki.dev.voka.io\/pt\/ferramentas\/calculadora-da-data-provavel-do-parto\/#breadcrumb\"},\"inLanguage\":\"pt-PT\",\"potentialAction\":[{\"@type\":\"ReadAction\",\"target\":[\"https:\/\/wiki.dev.voka.io\/pt\/ferramentas\/calculadora-da-data-provavel-do-parto\/\"]}]},{\"@type\":\"BreadcrumbList\",\"@id\":\"https:\/\/wiki.dev.voka.io\/pt\/ferramentas\/calculadora-da-data-provavel-do-parto\/#breadcrumb\",\"itemListElement\":[{\"@type\":\"ListItem\",\"position\":1,\"name\":\"Home\",\"item\":\"https:\/\/wiki.dev.voka.io\/pt\/\"},{\"@type\":\"ListItem\",\"position\":2,\"name\":\"Calculadora gestacional e da data prov\u00e1vel do parto\"}]},{\"@type\":\"WebSite\",\"@id\":\"https:\/\/wiki.dev.voka.io\/pt\/#website\",\"url\":\"https:\/\/wiki.dev.voka.io\/pt\/\",\"name\":\"Voka Wiki\",\"description\":\"\",\"publisher\":{\"@id\":\"https:\/\/wiki.dev.voka.io\/pt\/#organization\"},\"alternateName\":\"Anatomy & Pathology Wiki by VOKA\",\"potentialAction\":[{\"@type\":\"SearchAction\",\"target\":{\"@type\":\"EntryPoint\",\"urlTemplate\":\"https:\/\/wiki.dev.voka.io\/pt\/?s={search_term_string}\"},\"query-input\":{\"@type\":\"PropertyValueSpecification\",\"valueRequired\":true,\"valueName\":\"search_term_string\"}}],\"inLanguage\":\"pt-PT\"},{\"@type\":\"Organization\",\"@id\":\"https:\/\/wiki.dev.voka.io\/pt\/#organization\",\"name\":\"Voka 3D Anatomy & Pathology\",\"alternateName\":\"VOKA\",\"url\":\"https:\/\/wiki.dev.voka.io\/pt\/\",\"logo\":{\"@type\":\"ImageObject\",\"inLanguage\":\"pt-PT\",\"@id\":\"https:\/\/wiki.dev.voka.io\/pt\/#\/schema\/logo\/image\/\",\"url\":\"https:\/\/wiki.dev.voka.io\/wp-content\/uploads\/2025\/02\/cropped-voka-logo-1.png\",\"contentUrl\":\"https:\/\/wiki.dev.voka.io\/wp-content\/uploads\/2025\/02\/cropped-voka-logo-1.png\",\"width\":70,\"height\":16,\"caption\":\"Voka 3D Anatomy & Pathology\"},\"image\":{\"@id\":\"https:\/\/wiki.dev.voka.io\/pt\/#\/schema\/logo\/image\/\"},\"sameAs\":[\"https:\/\/www.facebook.com\/VOKA3DAnatomyAndPathology\/\",\"https:\/\/www.instagram.com\/voka.io\/\",\"https:\/\/www.linkedin.com\/company\/voka-io\/\",\"https:\/\/www.youtube.com\/channel\/UCqGGuOEpr62ScH8Pjk2q5zw\/videos\",\"https:\/\/www.pinterest.com\/VokaAnatomyPro\/\",\"https:\/\/www.threads.com\/@voka.io\"],\"description\":\"VOKA.io offers 3D medical animations and custom 3D modeling services. Our product, VOKA 3D Anatomy & Pathology, is a digital atlas with over 1,000 detailed 3D models of human anatomy and pathology, designed for medical education, training, and patient communication.\",\"email\":\"info@voka.io\",\"telephone\":\"+1 814 351 4442\",\"legalName\":\"Voka 3D Anatomy & Pathology\",\"foundingDate\":\"2017-02-12\",\"naics\":\"541512\",\"numberOfEmployees\":{\"@type\":\"QuantitativeValue\",\"minValue\":\"51\",\"maxValue\":\"200\"},\"publishingPrinciples\":\"https:\/\/wiki.voka.io\/pt\/principios-de-publicacao\/\"}]}<\/script>\n<!-- \/ Yoast SEO Premium plugin. -->","yoast_head_json":{"title":"Calculadora da data prov\u00e1vel do parto: calcule a DPP e a idade gestacional em semanas","description":"Descubra a data prov\u00e1vel do parto (DPP) com nossa calculadora precisa. Calcule a idade gestacional em semanas pela data da \u00faltima menstrua\u00e7\u00e3o, pela data da concep\u00e7\u00e3o ou pelo ultrassom.","robots":{"index":"index","follow":"follow","max-snippet":"max-snippet:-1","max-image-preview":"max-image-preview:large","max-video-preview":"max-video-preview:-1"},"canonical":"https:\/\/wiki.dev.voka.io\/pt\/ferramentas\/calculadora-da-data-provavel-do-parto\/","og_locale":"pt_PT","og_type":"article","og_title":"Calculadora gestacional e da data prov\u00e1vel do parto","og_description":"Descubra a data prov\u00e1vel do parto (DPP) com nossa calculadora precisa. Calcule a idade gestacional em semanas pela data da \u00faltima menstrua\u00e7\u00e3o, pela data da concep\u00e7\u00e3o ou pelo ultrassom.","og_url":"https:\/\/wiki.dev.voka.io\/pt\/ferramentas\/calculadora-da-data-provavel-do-parto\/","og_site_name":"Voka Wiki","article_publisher":"https:\/\/www.facebook.com\/VOKA3DAnatomyAndPathology\/","article_modified_time":"2026-04-28T11:01:16+00:00","twitter_card":"summary_large_image","twitter_misc":{"Tempo estimado de leitura":"5 minutos"},"schema":{"@context":"https:\/\/schema.org","@graph":[{"@type":"WebPage","@id":"https:\/\/wiki.dev.voka.io\/pt\/ferramentas\/calculadora-da-data-provavel-do-parto\/","url":"https:\/\/wiki.dev.voka.io\/pt\/ferramentas\/calculadora-da-data-provavel-do-parto\/","name":"Calculadora da data prov\u00e1vel do parto: calcule a DPP e a idade gestacional em semanas","isPartOf":{"@id":"https:\/\/wiki.dev.voka.io\/pt\/#website"},"datePublished":"2026-04-21T09:09:58+00:00","dateModified":"2026-04-28T11:01:16+00:00","description":"Descubra a data prov\u00e1vel do parto (DPP) com nossa calculadora precisa. Calcule a idade gestacional em semanas pela data da \u00faltima menstrua\u00e7\u00e3o, pela data da concep\u00e7\u00e3o ou pelo ultrassom.","breadcrumb":{"@id":"https:\/\/wiki.dev.voka.io\/pt\/ferramentas\/calculadora-da-data-provavel-do-parto\/#breadcrumb"},"inLanguage":"pt-PT","potentialAction":[{"@type":"ReadAction","target":["https:\/\/wiki.dev.voka.io\/pt\/ferramentas\/calculadora-da-data-provavel-do-parto\/"]}]},{"@type":"BreadcrumbList","@id":"https:\/\/wiki.dev.voka.io\/pt\/ferramentas\/calculadora-da-data-provavel-do-parto\/#breadcrumb","itemListElement":[{"@type":"ListItem","position":1,"name":"Home","item":"https:\/\/wiki.dev.voka.io\/pt\/"},{"@type":"ListItem","position":2,"name":"Calculadora gestacional e da data prov\u00e1vel do parto"}]},{"@type":"WebSite","@id":"https:\/\/wiki.dev.voka.io\/pt\/#website","url":"https:\/\/wiki.dev.voka.io\/pt\/","name":"Voka Wiki","description":"","publisher":{"@id":"https:\/\/wiki.dev.voka.io\/pt\/#organization"},"alternateName":"Anatomy & Pathology Wiki by VOKA","potentialAction":[{"@type":"SearchAction","target":{"@type":"EntryPoint","urlTemplate":"https:\/\/wiki.dev.voka.io\/pt\/?s={search_term_string}"},"query-input":{"@type":"PropertyValueSpecification","valueRequired":true,"valueName":"search_term_string"}}],"inLanguage":"pt-PT"},{"@type":"Organization","@id":"https:\/\/wiki.dev.voka.io\/pt\/#organization","name":"Voka 3D Anatomy & Pathology","alternateName":"VOKA","url":"https:\/\/wiki.dev.voka.io\/pt\/","logo":{"@type":"ImageObject","inLanguage":"pt-PT","@id":"https:\/\/wiki.dev.voka.io\/pt\/#\/schema\/logo\/image\/","url":"https:\/\/wiki.dev.voka.io\/wp-content\/uploads\/2025\/02\/cropped-voka-logo-1.png","contentUrl":"https:\/\/wiki.dev.voka.io\/wp-content\/uploads\/2025\/02\/cropped-voka-logo-1.png","width":70,"height":16,"caption":"Voka 3D Anatomy & Pathology"},"image":{"@id":"https:\/\/wiki.dev.voka.io\/pt\/#\/schema\/logo\/image\/"},"sameAs":["https:\/\/www.facebook.com\/VOKA3DAnatomyAndPathology\/","https:\/\/www.instagram.com\/voka.io\/","https:\/\/www.linkedin.com\/company\/voka-io\/","https:\/\/www.youtube.com\/channel\/UCqGGuOEpr62ScH8Pjk2q5zw\/videos","https:\/\/www.pinterest.com\/VokaAnatomyPro\/","https:\/\/www.threads.com\/@voka.io"],"description":"VOKA.io offers 3D medical animations and custom 3D modeling services. Our product, VOKA 3D Anatomy & Pathology, is a digital atlas with over 1,000 detailed 3D models of human anatomy and pathology, designed for medical education, training, and patient communication.","email":"info@voka.io","telephone":"+1 814 351 4442","legalName":"Voka 3D Anatomy & Pathology","foundingDate":"2017-02-12","naics":"541512","numberOfEmployees":{"@type":"QuantitativeValue","minValue":"51","maxValue":"200"},"publishingPrinciples":"https:\/\/wiki.voka.io\/pt\/principios-de-publicacao\/"}]}},"_links":{"self":[{"href":"https:\/\/wiki.dev.voka.io\/pt\/wp-json\/wp\/v2\/pages\/6620","targetHints":{"allow":["GET"]}}],"collection":[{"href":"https:\/\/wiki.dev.voka.io\/pt\/wp-json\/wp\/v2\/pages"}],"about":[{"href":"https:\/\/wiki.dev.voka.io\/pt\/wp-json\/wp\/v2\/types\/page"}],"author":[{"embeddable":true,"href":"https:\/\/wiki.dev.voka.io\/pt\/wp-json\/wp\/v2\/users\/5"}],"replies":[{"embeddable":true,"href":"https:\/\/wiki.dev.voka.io\/pt\/wp-json\/wp\/v2\/comments?post=6620"}],"version-history":[{"count":3,"href":"https:\/\/wiki.dev.voka.io\/pt\/wp-json\/wp\/v2\/pages\/6620\/revisions"}],"predecessor-version":[{"id":6629,"href":"https:\/\/wiki.dev.voka.io\/pt\/wp-json\/wp\/v2\/pages\/6620\/revisions\/6629"}],"wp:attachment":[{"href":"https:\/\/wiki.dev.voka.io\/pt\/wp-json\/wp\/v2\/media?parent=6620"}],"curies":[{"name":"wp","href":"https:\/\/api.w.org\/{rel}","templated":true}]}}