{"id":6618,"date":"2026-04-21T12:09:58","date_gmt":"2026-04-21T09:09:58","guid":{"rendered":"https:\/\/wiki.dev.voka.io\/calcolatore-della-data-del-parto\/"},"modified":"2026-04-28T17:50:57","modified_gmt":"2026-04-28T14:50:57","slug":"calcolatore-della-data-del-parto","status":"publish","type":"page","link":"https:\/\/wiki.dev.voka.io\/it\/strumenti\/calcolatore-della-data-del-parto\/","title":{"rendered":"Calcolatore della gravidanza e date del parto"},"content":{"rendered":"<p><?xml encoding=\"UTF-8\" ?><\/p>\n<h2 class=\"wp-block-heading\" id=\"come-si-calcola-la-data-presunta-del-parto\">Come si calcola la data presunta del parto?<\/h2>\n<p>La data presunta del parto pu\u00f2 essere determinata utilizzando diversi metodi. Ogni metodo si basa su dati iniziali diversi, pertanto il risultato pu\u00f2 variare a seconda del metodo selezionato.<\/p>\n<p><strong>\u00c8 importante sapere che:<\/strong><\/p>\n<ul class=\"wp-block-list\">\n<li>solo il 4-5% dei bambini nasce alla data presunta del parto;<\/li>\n<li>una gravidanza a termine dura in genere da 37 a 42 settimane;<\/li>\n<li>la DPP \u00e8 una data approssimativa che pu\u00f2 cambiare in seguito agli esami medici;<\/li>\n<li>i diversi metodi di calcolo (in base all\u2019ultima mestruazione, alla data del concepimento o all\u2019ecografia) possono dare risultati un po\u2019 differenti.<\/li>\n<\/ul>\n<h3 class=\"wp-block-heading\" id=\"in-base-al-primo-giorno-dell-ultima-mestruazione\">In base al primo giorno dell\u2019ultima mestruazione<\/h3>\n<p>Questo \u00e8 il metodo pi\u00f9 diffuso per calcolare la data del parto. Si basa sul primo giorno dell\u2019ultima mestruazione, perch\u00e9 \u00e8 pi\u00f9 facile ricordarsi di questa data piuttosto che quella del concepimento.<\/p>\n<p>La durata media della gravidanza \u00e8 di circa 40 settimane (280 giorni), quindi il calcolo \u00e8 semplice: basta aggiungere 280 giorni al primo giorno dell\u2019ultima mestruazione. Questo metodo \u00e8 noto come regola di Naegele.<\/p>\n<p class=\"blocked-text\"><mark style=\"background-color:rgba(0, 0, 0, 0);color:#0a717b\" class=\"has-inline-color\">Formula<\/mark>: la data del parto = il primo giorno dell\u2019ultima mestruazione + 280 giorni<\/p>\n<p>Inoltre, \u00e8 possibile sottrarre 3 mesi dalla data dell\u2019ultima mestruazione e aggiungere 7 giorni.<\/p>\n<p><strong>Ad esempio, il primo giorno dell\u2019ultima mestruazione \u00e8 stato il 10 gennaio.<\/strong><\/p>\n<ul class=\"wp-block-list\">\n<li>meno 3 mesi \u2192 10 ottobre;<\/li>\n<li>pi\u00f9 7 giorni \u2192 17 ottobre.<\/li>\n<\/ul>\n<p><strong>Data presunta del parto<\/strong>: 17 ottobre.<\/p>\n<p>Questo metodo presuppone un ciclo regolare di 28 giorni e l\u2019ovulazione intorno al 14\u00b0 giorno. Se il ciclo non \u00e8 regolare, la data pu\u00f2 risultare meno precisa, ma il metodo resta comunque un punto di partenza affidabile e viene ampiamente utilizzato dai medici.<\/p>\n<h3 class=\"wp-block-heading\" id=\"in-base-alla-data-del-concepimento\">In base alla data del concepimento<\/h3>\n<p>Se conosci la data del concepimento, puoi calcolare il giorno del parto aggiungendo 38 settimane (266 giorni) a tale data. Questo metodo pu\u00f2 essere pi\u00f9 preciso, soprattutto se hai seguito l\u2019ovulazione o hai pianificato la gravidanza.<\/p>\n<p>Tuttavia, non \u00e8 sempre possibile stabilire il giorno esatto del concepimento. Gli spermatozoi possono rimanere vitali all\u2019interno del corpo della donna fino a cinque giorni, ma l\u2019ovulazione non avviene sempre lo stesso giorno del ciclo. Ci\u00f2 significa che, sebbene il giorno del rapporto sessuale sia noto, la fecondazione potrebbe essere avvenuta con qualche giorno di ritardo.<\/p>\n<p>Ecco perch\u00e9 i medici utilizzano raramente solo la data del concepimento, che pu\u00f2 comunque rappresentare un utile punto di riferimento.<\/p>\n<h3 class=\"wp-block-heading\" id=\"in-base-all-ecografia-precoce\">In base all\u2019ecografia precoce<\/h3>\n<p>L\u2019ecografia precoce, soprattutto nel primo trimestre, \u00e8 considerata uno dei metodi pi\u00f9 precisi per determinare la data del parto. Viene spesso impiegata per confermare o correggere la data calcolata in base alla data dell\u2019ultima mestruazione.<\/p>\n<p>Durante l\u2019esame ecografico, il medico misura le dimensioni dell\u2019embrione, di solito la lunghezza vertice-sacro. Questi parametri aiutano a stabilire l\u2019et\u00e0 gestazionale e a calcolare con precisione la data del parto.<\/p>\n<p>Il metodo \u00e8 particolarmente utile se hai un ciclo irregolare o se non ricordi con esattezza la data dell\u2019ultima mestruazione o del concepimento. In questi casi, i dati ecografici possono essere utilizzati come metodo principale per la datazione della gravidanza.<\/p>\n<p>Secondo l\u2019American College of Obstetricians and Gynecologists (ACOG), l\u2019ecografia nel primo trimestre rappresenta il metodo pi\u00f9 accurato per determinare l\u2019et\u00e0 gestazionale e la data del parto.<\/p>\n<h2 class=\"wp-block-heading\" id=\"in-quale-settimana-della-gravidanza-mi-trovo\">In quale settimana della gravidanza mi trovo?<\/h2>\n<p>Se conosci la data presunta del parto, \u00e8 facile stabilire l\u2019et\u00e0 della gravidanza. Il calcolatore calcola all\u2019indietro dalla data del parto (40 settimane di gravidanza) fino a oggi e mostra l\u2019et\u00e0 della gravidanza in settimane e giorni.<\/p>\n<p>La gravidanza \u00e8 solitamente suddivisa in tre trimestri:<\/p>\n<div class=\"images-steps-block\">\n<div class=\"images-steps-item\">\n<div class=\"images-steps-item-marker\">\n<div class=\"images-steps-item-number\">1<\/div>\n<\/div>\n<div class=\"images-steps-item-info\">\n<p class=\"main-text-article\"><b>Primo trimestre<\/b>: 1-12 settimane<\/p>\n<p><img decoding=\"async\" src=\"https:\/\/storage.googleapis.com\/dev_wiki_voka_io_303011\/common\/first-trimester.webp\"><\/div>\n<\/div>\n<div class=\"images-steps-item\">\n<div class=\"images-steps-item-marker\">\n<div class=\"images-steps-item-number\">2<\/div>\n<\/div>\n<div class=\"images-steps-item-info\">\n<p class=\"main-text-article\"><b>Secondo trimestre<\/b>: 13-27 settimane<\/p>\n<p><img decoding=\"async\" src=\"https:\/\/storage.googleapis.com\/dev_wiki_voka_io_303011\/common\/second-trimester.webp\"><\/div>\n<\/div>\n<div class=\"images-steps-item\">\n<div class=\"images-steps-item-marker\">\n<div class=\"images-steps-item-number\">3<\/div>\n<\/div>\n<div class=\"images-steps-item-info\">\n<p class=\"main-text-article\"><b>Terzo trimestre<\/b>: 28-40 settimane<\/p>\n<p><img decoding=\"async\" src=\"https:\/\/storage.googleapis.com\/dev_wiki_voka_io_303011\/common\/third-trimester.webp\"><\/div>\n<\/div>\n<\/div>\n<p>Con l\u2019avvicinarsi del parto, potresti sentire anche i seguenti termini:<\/p>\n<ul class=\"wp-block-list\">\n<li><strong>parto prematuro:<\/strong> fino a 37 settimane;<\/li>\n<li><strong>gravidanza a termine precoce:<\/strong> 37 settimane e 0 giorni \u2013 38 settimane e 6 giorni;<\/li>\n<li><strong>gravidanza a termine:<\/strong> 39 settimane e 0 giorni \u2013 40 settimane e 6 giorni;<\/li>\n<li><strong>gravidanza tardiva:<\/strong> 41 settimane e 0 giorni \u2013 41 settimane e 6 giorni;<\/li>\n<li><strong>gravidanza post-termine:<\/strong> 42 settimane e oltre.<\/li>\n<\/ul>\n<p>Queste categorie aiutano i medici a valutare il decorso della gravidanza e a prendere decisioni sul parto pi\u00f9 sicuro per la mamma e il bambino.<\/p>\n<div>\n<h2 class=\"faq-title h2-article\" id=\"faq\">FAQ<\/h2>\n<div class=\"faq-section\">\n<div class=\"faq-item faq-answer-hidden\">\n<div class=\"question-block\">\n<div class=\"faq-question\">\n<p class=\" text-black h5-title\">Che cos\u2019\u00e8 la DPP?<\/p>\n<\/div>\n<div class=\"faq-answer text-main-text-color main-text-medium\">La DPP \u00e8 la data presunta del parto, quando il bambino potrebbe nascere con maggiore probabilit\u00e0. Viene calcolata in base alla durata media della gravidanza (circa 40 settimane), secondo i dati dell\u2019ultima mestruazione, la data del concepimento o l\u2019esito dell\u2019ecografia precoce.<\/div>\n<\/div>\n<div class=\"expand-button-wrapper\"><button class=\"text-accent expand-button\">+<\/button><\/div>\n<\/div>\n<div class=\"faq-item faq-answer-hidden\">\n<div class=\"question-block\">\n<div class=\"faq-question\">\n<p class=\" text-black h5-title\">Quanto \u00e8 preciso il calcolatore della data del parto?<\/p>\n<\/div>\n<div class=\"faq-answer text-main-text-color main-text-medium\">Il calcolatore fornisce una data approssimativa sicura, ma non garantisce una precisione assoluta. Soltanto il 5% dei bambini nasce proprio nella DPP. Si tratta piuttosto di un riferimento che pu\u00f2 essere successivamente corretto in base ai risultati dell\u2019ecografia.<\/div>\n<\/div>\n<div class=\"expand-button-wrapper\"><button class=\"text-accent expand-button\">+<\/button><\/div>\n<\/div>\n<div class=\"faq-item faq-answer-hidden\">\n<div class=\"question-block\">\n<div class=\"faq-question\">\n<p class=\" text-black h5-title\">Come si calcola la data del parto se il ciclo \u00e8 irregolare?<\/p>\n<\/div>\n<div class=\"faq-answer text-main-text-color main-text-medium\">Se il ciclo \u00e8 irregolare, il calcolo basato sul primo giorno dell\u2019ultima mestruazione pu\u00f2 risultare impreciso. In tal caso, il metodo pi\u00f9 sicuro \u00e8 un\u2019ecografia precoce, in quanto si basa sullo sviluppo effettivo del feto.<\/div>\n<\/div>\n<div class=\"expand-button-wrapper\"><button class=\"text-accent expand-button\">+<\/button><\/div>\n<\/div>\n<div class=\"faq-item faq-answer-hidden\">\n<div class=\"question-block\">\n<div class=\"faq-question\">\n<p class=\" text-black h5-title\">\u00c8 possibile cambiare la DPP?<\/p>\n<\/div>\n<div class=\"faq-answer text-main-text-color main-text-medium\">S\u00ec. In particolare, nell\u2019et\u00e0 precoce della gravidanza, il medico pu\u00f2 modificare la DPP se l\u2019ecografia mostra un\u2019et\u00e0 gestazionale diversa da quella inizialmente prevista.<\/div>\n<\/div>\n<div class=\"expand-button-wrapper\"><button class=\"text-accent expand-button\">+<\/button><\/div>\n<\/div>\n<div class=\"faq-item faq-answer-hidden\">\n<div class=\"question-block\">\n<div class=\"faq-question\">\n<p class=\" text-black h5-title\">Come posso sapere con esattezza quante settimane di gravidanza ho?<\/p>\n<\/div>\n<div class=\"faq-answer text-main-text-color main-text-medium\">L\u2019et\u00e0 della gravidanza si calcola dal primo giorno dell\u2019ultima mestruazione o si calcola all\u2019indietro dalla DPP. La maggior parte dei calcolatori mostra l\u2019et\u00e0 in settimane e giorni.<\/div>\n<\/div>\n<div class=\"expand-button-wrapper\"><button class=\"text-accent expand-button\">+<\/button><\/div>\n<\/div>\n<div class=\"faq-item faq-answer-hidden\">\n<div class=\"question-block\">\n<div class=\"faq-question\">\n<p class=\" text-black h5-title\">\u00c8 pi\u00f9 preciso il giorno del concepimento o il primo giorno dell\u2019ultima mestruazione?<\/p>\n<\/div>\n<div class=\"faq-answer text-main-text-color main-text-medium\">Il primo giorno dell\u2019ultima mestruazione \u00e8 pi\u00f9 facile da definire, quindi viene utilizzato pi\u00f9 spesso. La data esatta del concepimento non \u00e8 sempre nota. Tuttavia, il metodo pi\u00f9 preciso per confermare l\u2019et\u00e0 della gravidanza \u00e8 un\u2019ecografia precoce.<\/div>\n<\/div>\n<div class=\"expand-button-wrapper\"><button class=\"text-accent expand-button\">+<\/button><\/div>\n<\/div>\n<\/div>\n<\/div>\n<div class=\"sources-list-block sources-list-hidden\" id=\"bibliografia\">\n<div class=\"sources-list-content\">\n<div class=\"sources-list-title\">\n<p class=\"small-text-bold text-black sources-list-title-text\">Bibliografia<\/p>\n<div class=\"sources-expand-button-wrapper-mobile\">\n<div class=\"sources-expand-button\"><svg width=\"32\" height=\"32\" viewbox=\"0 0 32 32\" fill=\"none\" xmlns=\"http:\/\/www.w3.org\/2000\/svg\"><path d=\"M8 12L16 20L24 12\" stroke=\"#8C9AAB\" stroke-width=\"2\" stroke-linecap=\"round\" stroke-linejoin=\"round\"><\/path><\/svg><\/div>\n<\/div>\n<\/div>\n<div class=\"sources-list-items\">\n<div class=\"source-item\">\n<p class=\"main-text-semibold text-black\">1.<\/p>\n<div class=\"source-item-content\">\n<p class=\"main-text-semibold text-black\"><cite>American College of Obstetricians and Gynecologists (ACOG) [Internet]<\/cite><\/p>\n<p><span class=\"small-text-medium text-grey\">Disponibile su: https:\/\/www.acog.org\/clinical\/clinical-guidance\/committee-opinion\/articles\/2017\/05\/methods-for-estimating-the-due-date<\/span><\/div>\n<\/div>\n<div class=\"source-item\">\n<p class=\"main-text-semibold text-black\">2.<\/p>\n<div class=\"source-item-content\">\n<p class=\"main-text-semibold text-black\"><cite>MSD Manuals (Manuale MSD) [Internet]<\/cite><\/p>\n<p><span class=\"small-text-medium text-grey\">Disponibile su: https:\/\/www.msdmanuals.com\/professional\/pediatrics\/perinatal-problems\/gestational-age <\/span><\/div>\n<\/div>\n<\/div>\n<\/div>\n<div class=\"sources-expand-button-wrapper\">\n<div class=\"sources-expand-button\"><svg width=\"32\" height=\"32\" viewbox=\"0 0 32 32\" fill=\"none\" xmlns=\"http:\/\/www.w3.org\/2000\/svg\"><path d=\"M8 12L16 20L24 12\" stroke=\"#8C9AAB\" stroke-width=\"2\" stroke-linecap=\"round\" stroke-linejoin=\"round\"><\/path><\/svg><\/div>\n<\/div>\n<\/div>\n","protected":false},"excerpt":{"rendered":"<p>Come si calcola la data presunta del parto? La data presunta del parto pu\u00f2 essere determinata utilizzando diversi metodi. Ogni metodo si basa su dati iniziali diversi, pertanto il risultato pu\u00f2 variare a seconda del metodo selezionato. \u00c8 importante sapere che: In base al primo giorno dell&#8217;ultima mestruazione Questo \u00e8 il metodo pi\u00f9 diffuso per [&hellip;]<\/p>\n","protected":false},"author":5,"featured_media":0,"parent":0,"menu_order":0,"comment_status":"closed","ping_status":"closed","template":"templates\/due-date-calculator.php","meta":{"_acf_changed":false,"footnotes":""},"class_list":["post-6618","page","type-page","status-publish","hentry"],"acf":[],"yoast_head":"<!-- This site is optimized with the Yoast SEO Premium plugin v25.0 (Yoast SEO v26.5) - https:\/\/yoast.com\/wordpress\/plugins\/seo\/ -->\n<title>Calcolatore della data del parto: calcola la data presunta del parto (DPP) e l&#039;et\u00e0 della gravidanza in settimane<\/title>\n<meta name=\"description\" content=\"Calcola la data presunta del parto (DPP) con il nostro calcolatore preciso. Calcola l&#039;et\u00e0 della gravidanza in settimane in base alla data dell&#039;ultima mestruazione, alla data del concepimento o tramite ecografia.\" \/>\n<meta name=\"robots\" content=\"noindex, follow, max-snippet:-1, max-image-preview:large, max-video-preview:-1\" \/>\n<meta property=\"og:locale\" content=\"it_IT\" \/>\n<meta property=\"og:type\" content=\"article\" \/>\n<meta property=\"og:title\" content=\"Calcolatore della gravidanza e date del parto\" \/>\n<meta property=\"og:description\" content=\"Calcola la data presunta del parto (DPP) con il nostro calcolatore preciso. Calcola l&#039;et\u00e0 della gravidanza in settimane in base alla data dell&#039;ultima mestruazione, alla data del concepimento o tramite ecografia.\" \/>\n<meta property=\"og:url\" content=\"https:\/\/wiki.dev.voka.io\/it\/strumenti\/calcolatore-della-data-del-parto\/\" \/>\n<meta property=\"og:site_name\" content=\"Voka Wiki\" \/>\n<meta property=\"article:publisher\" content=\"https:\/\/www.facebook.com\/VOKA3DAnatomyAndPathology\/\" \/>\n<meta property=\"article:modified_time\" content=\"2026-04-28T14:50:57+00:00\" \/>\n<meta name=\"twitter:card\" content=\"summary_large_image\" \/>\n<meta name=\"twitter:label1\" content=\"Tempo di lettura stimato\" \/>\n\t<meta name=\"twitter:data1\" content=\"5 minuti\" \/>\n<script type=\"application\/ld+json\" class=\"yoast-schema-graph\">{\"@context\":\"https:\/\/schema.org\",\"@graph\":[{\"@type\":\"WebPage\",\"@id\":\"https:\/\/wiki.dev.voka.io\/it\/strumenti\/calcolatore-della-data-del-parto\/\",\"url\":\"https:\/\/wiki.dev.voka.io\/it\/strumenti\/calcolatore-della-data-del-parto\/\",\"name\":\"Calcolatore della data del parto: calcola la data presunta del parto (DPP) e l'et\u00e0 della gravidanza in settimane\",\"isPartOf\":{\"@id\":\"https:\/\/wiki.dev.voka.io\/it\/#website\"},\"datePublished\":\"2026-04-21T09:09:58+00:00\",\"dateModified\":\"2026-04-28T14:50:57+00:00\",\"description\":\"Calcola la data presunta del parto (DPP) con il nostro calcolatore preciso. Calcola l'et\u00e0 della gravidanza in settimane in base alla data dell'ultima mestruazione, alla data del concepimento o tramite ecografia.\",\"breadcrumb\":{\"@id\":\"https:\/\/wiki.dev.voka.io\/it\/strumenti\/calcolatore-della-data-del-parto\/#breadcrumb\"},\"inLanguage\":\"it-IT\",\"potentialAction\":[{\"@type\":\"ReadAction\",\"target\":[\"https:\/\/wiki.dev.voka.io\/it\/strumenti\/calcolatore-della-data-del-parto\/\"]}]},{\"@type\":\"BreadcrumbList\",\"@id\":\"https:\/\/wiki.dev.voka.io\/it\/strumenti\/calcolatore-della-data-del-parto\/#breadcrumb\",\"itemListElement\":[{\"@type\":\"ListItem\",\"position\":1,\"name\":\"Home\",\"item\":\"https:\/\/wiki.dev.voka.io\/it\/\"},{\"@type\":\"ListItem\",\"position\":2,\"name\":\"Calcolatore della gravidanza e date del parto\"}]},{\"@type\":\"WebSite\",\"@id\":\"https:\/\/wiki.dev.voka.io\/it\/#website\",\"url\":\"https:\/\/wiki.dev.voka.io\/it\/\",\"name\":\"Voka Wiki\",\"description\":\"\",\"publisher\":{\"@id\":\"https:\/\/wiki.dev.voka.io\/it\/#organization\"},\"alternateName\":\"Anatomy & Pathology Wiki by VOKA\",\"potentialAction\":[{\"@type\":\"SearchAction\",\"target\":{\"@type\":\"EntryPoint\",\"urlTemplate\":\"https:\/\/wiki.dev.voka.io\/it\/?s={search_term_string}\"},\"query-input\":{\"@type\":\"PropertyValueSpecification\",\"valueRequired\":true,\"valueName\":\"search_term_string\"}}],\"inLanguage\":\"it-IT\"},{\"@type\":\"Organization\",\"@id\":\"https:\/\/wiki.dev.voka.io\/it\/#organization\",\"name\":\"Voka 3D Anatomy & Pathology\",\"alternateName\":\"VOKA\",\"url\":\"https:\/\/wiki.dev.voka.io\/it\/\",\"logo\":{\"@type\":\"ImageObject\",\"inLanguage\":\"it-IT\",\"@id\":\"https:\/\/wiki.dev.voka.io\/it\/#\/schema\/logo\/image\/\",\"url\":\"https:\/\/wiki.dev.voka.io\/wp-content\/uploads\/2025\/02\/cropped-voka-logo-1.png\",\"contentUrl\":\"https:\/\/wiki.dev.voka.io\/wp-content\/uploads\/2025\/02\/cropped-voka-logo-1.png\",\"width\":70,\"height\":16,\"caption\":\"Voka 3D Anatomy & Pathology\"},\"image\":{\"@id\":\"https:\/\/wiki.dev.voka.io\/it\/#\/schema\/logo\/image\/\"},\"sameAs\":[\"https:\/\/www.facebook.com\/VOKA3DAnatomyAndPathology\/\",\"https:\/\/www.instagram.com\/voka.io\/\",\"https:\/\/www.linkedin.com\/company\/voka-io\/\",\"https:\/\/www.youtube.com\/channel\/UCqGGuOEpr62ScH8Pjk2q5zw\/videos\",\"https:\/\/www.pinterest.com\/VokaAnatomyPro\/\",\"https:\/\/www.threads.com\/@voka.io\"],\"description\":\"VOKA.io offers 3D medical animations and custom 3D modeling services. Our product, VOKA 3D Anatomy & Pathology, is a digital atlas with over 1,000 detailed 3D models of human anatomy and pathology, designed for medical education, training, and patient communication.\",\"email\":\"info@voka.io\",\"telephone\":\"+1 814 351 4442\",\"legalName\":\"Voka 3D Anatomy & Pathology\",\"foundingDate\":\"2017-02-12\",\"naics\":\"541512\",\"numberOfEmployees\":{\"@type\":\"QuantitativeValue\",\"minValue\":\"51\",\"maxValue\":\"200\"},\"publishingPrinciples\":\"https:\/\/wiki.voka.io\/it\/principi-editoriali\/\"}]}<\/script>\n<!-- \/ Yoast SEO Premium plugin. -->","yoast_head_json":{"title":"Calcolatore della data del parto: calcola la data presunta del parto (DPP) e l'et\u00e0 della gravidanza in settimane","description":"Calcola la data presunta del parto (DPP) con il nostro calcolatore preciso. Calcola l'et\u00e0 della gravidanza in settimane in base alla data dell'ultima mestruazione, alla data del concepimento o tramite ecografia.","robots":{"index":"noindex","follow":"follow","max-snippet":"max-snippet:-1","max-image-preview":"max-image-preview:large","max-video-preview":"max-video-preview:-1"},"og_locale":"it_IT","og_type":"article","og_title":"Calcolatore della gravidanza e date del parto","og_description":"Calcola la data presunta del parto (DPP) con il nostro calcolatore preciso. Calcola l'et\u00e0 della gravidanza in settimane in base alla data dell'ultima mestruazione, alla data del concepimento o tramite ecografia.","og_url":"https:\/\/wiki.dev.voka.io\/it\/strumenti\/calcolatore-della-data-del-parto\/","og_site_name":"Voka Wiki","article_publisher":"https:\/\/www.facebook.com\/VOKA3DAnatomyAndPathology\/","article_modified_time":"2026-04-28T14:50:57+00:00","twitter_card":"summary_large_image","twitter_misc":{"Tempo di lettura stimato":"5 minuti"},"schema":{"@context":"https:\/\/schema.org","@graph":[{"@type":"WebPage","@id":"https:\/\/wiki.dev.voka.io\/it\/strumenti\/calcolatore-della-data-del-parto\/","url":"https:\/\/wiki.dev.voka.io\/it\/strumenti\/calcolatore-della-data-del-parto\/","name":"Calcolatore della data del parto: calcola la data presunta del parto (DPP) e l'et\u00e0 della gravidanza in settimane","isPartOf":{"@id":"https:\/\/wiki.dev.voka.io\/it\/#website"},"datePublished":"2026-04-21T09:09:58+00:00","dateModified":"2026-04-28T14:50:57+00:00","description":"Calcola la data presunta del parto (DPP) con il nostro calcolatore preciso. Calcola l'et\u00e0 della gravidanza in settimane in base alla data dell'ultima mestruazione, alla data del concepimento o tramite ecografia.","breadcrumb":{"@id":"https:\/\/wiki.dev.voka.io\/it\/strumenti\/calcolatore-della-data-del-parto\/#breadcrumb"},"inLanguage":"it-IT","potentialAction":[{"@type":"ReadAction","target":["https:\/\/wiki.dev.voka.io\/it\/strumenti\/calcolatore-della-data-del-parto\/"]}]},{"@type":"BreadcrumbList","@id":"https:\/\/wiki.dev.voka.io\/it\/strumenti\/calcolatore-della-data-del-parto\/#breadcrumb","itemListElement":[{"@type":"ListItem","position":1,"name":"Home","item":"https:\/\/wiki.dev.voka.io\/it\/"},{"@type":"ListItem","position":2,"name":"Calcolatore della gravidanza e date del parto"}]},{"@type":"WebSite","@id":"https:\/\/wiki.dev.voka.io\/it\/#website","url":"https:\/\/wiki.dev.voka.io\/it\/","name":"Voka Wiki","description":"","publisher":{"@id":"https:\/\/wiki.dev.voka.io\/it\/#organization"},"alternateName":"Anatomy & Pathology Wiki by VOKA","potentialAction":[{"@type":"SearchAction","target":{"@type":"EntryPoint","urlTemplate":"https:\/\/wiki.dev.voka.io\/it\/?s={search_term_string}"},"query-input":{"@type":"PropertyValueSpecification","valueRequired":true,"valueName":"search_term_string"}}],"inLanguage":"it-IT"},{"@type":"Organization","@id":"https:\/\/wiki.dev.voka.io\/it\/#organization","name":"Voka 3D Anatomy & Pathology","alternateName":"VOKA","url":"https:\/\/wiki.dev.voka.io\/it\/","logo":{"@type":"ImageObject","inLanguage":"it-IT","@id":"https:\/\/wiki.dev.voka.io\/it\/#\/schema\/logo\/image\/","url":"https:\/\/wiki.dev.voka.io\/wp-content\/uploads\/2025\/02\/cropped-voka-logo-1.png","contentUrl":"https:\/\/wiki.dev.voka.io\/wp-content\/uploads\/2025\/02\/cropped-voka-logo-1.png","width":70,"height":16,"caption":"Voka 3D Anatomy & Pathology"},"image":{"@id":"https:\/\/wiki.dev.voka.io\/it\/#\/schema\/logo\/image\/"},"sameAs":["https:\/\/www.facebook.com\/VOKA3DAnatomyAndPathology\/","https:\/\/www.instagram.com\/voka.io\/","https:\/\/www.linkedin.com\/company\/voka-io\/","https:\/\/www.youtube.com\/channel\/UCqGGuOEpr62ScH8Pjk2q5zw\/videos","https:\/\/www.pinterest.com\/VokaAnatomyPro\/","https:\/\/www.threads.com\/@voka.io"],"description":"VOKA.io offers 3D medical animations and custom 3D modeling services. Our product, VOKA 3D Anatomy & Pathology, is a digital atlas with over 1,000 detailed 3D models of human anatomy and pathology, designed for medical education, training, and patient communication.","email":"info@voka.io","telephone":"+1 814 351 4442","legalName":"Voka 3D Anatomy & Pathology","foundingDate":"2017-02-12","naics":"541512","numberOfEmployees":{"@type":"QuantitativeValue","minValue":"51","maxValue":"200"},"publishingPrinciples":"https:\/\/wiki.voka.io\/it\/principi-editoriali\/"}]}},"_links":{"self":[{"href":"https:\/\/wiki.dev.voka.io\/it\/wp-json\/wp\/v2\/pages\/6618","targetHints":{"allow":["GET"]}}],"collection":[{"href":"https:\/\/wiki.dev.voka.io\/it\/wp-json\/wp\/v2\/pages"}],"about":[{"href":"https:\/\/wiki.dev.voka.io\/it\/wp-json\/wp\/v2\/types\/page"}],"author":[{"embeddable":true,"href":"https:\/\/wiki.dev.voka.io\/it\/wp-json\/wp\/v2\/users\/5"}],"replies":[{"embeddable":true,"href":"https:\/\/wiki.dev.voka.io\/it\/wp-json\/wp\/v2\/comments?post=6618"}],"version-history":[{"count":4,"href":"https:\/\/wiki.dev.voka.io\/it\/wp-json\/wp\/v2\/pages\/6618\/revisions"}],"predecessor-version":[{"id":6694,"href":"https:\/\/wiki.dev.voka.io\/it\/wp-json\/wp\/v2\/pages\/6618\/revisions\/6694"}],"wp:attachment":[{"href":"https:\/\/wiki.dev.voka.io\/it\/wp-json\/wp\/v2\/media?parent=6618"}],"curies":[{"name":"wp","href":"https:\/\/api.w.org\/{rel}","templated":true}]}}