{"id":575,"date":"2025-02-24T20:12:02","date_gmt":"2025-02-24T17:12:02","guid":{"rendered":"https:\/\/wiki.dev.voka.io\/main-page\/"},"modified":"2025-08-06T13:41:16","modified_gmt":"2025-08-06T10:41:16","slug":"main-page","status":"publish","type":"page","link":"https:\/\/wiki.dev.voka.io\/fr\/","title":{"rendered":"Page principale"},"content":{"rendered":"","protected":false},"excerpt":{"rendered":"","protected":false},"author":1,"featured_media":0,"parent":0,"menu_order":0,"comment_status":"closed","ping_status":"closed","template":"templates\/main.php","meta":{"_acf_changed":false,"footnotes":""},"class_list":["post-575","page","type-page","status-publish","hentry"],"acf":[],"yoast_head":"<!-- This site is optimized with the Yoast SEO Premium plugin v25.0 (Yoast SEO v26.5) - https:\/\/yoast.com\/wordpress\/plugins\/seo\/ -->\n<title>VOKA Wiki : Articles m\u00e9dicaux sur l&#039;anatomie, la physiologie et la pathologie humaines<\/title>\n<meta name=\"description\" content=\"D\u00e9couvrez VOKA Wiki - encyclop\u00e9die m\u00e9dicale d&#039;anatomie et de pathologie humaine. Une ressource fiable pour les \u00e9tudiants, les m\u00e9decins et les passionn\u00e9s de m\u00e9decine.\" \/>\n<meta name=\"robots\" content=\"noindex, follow, max-snippet:-1, max-image-preview:large, max-video-preview:-1\" \/>\n<meta property=\"og:locale\" content=\"fr_FR\" \/>\n<meta property=\"og:type\" content=\"article\" \/>\n<meta property=\"og:title\" content=\"VOKA Wiki : Articles m\u00e9dicaux sur l&#039;anatomie, la physiologie et la pathologie humaines\" \/>\n<meta property=\"og:description\" content=\"D\u00e9couvrez VOKA Wiki - encyclop\u00e9die m\u00e9dicale d&#039;anatomie et de pathologie humaine. Une ressource fiable pour les \u00e9tudiants, les m\u00e9decins et les passionn\u00e9s de m\u00e9decine.\" \/>\n<meta property=\"og:url\" content=\"https:\/\/wiki.dev.voka.io\/fr\/\" \/>\n<meta property=\"og:site_name\" content=\"Voka Wiki\" \/>\n<meta property=\"article:publisher\" content=\"https:\/\/www.facebook.com\/VOKA3DAnatomyAndPathology\/\" \/>\n<meta property=\"article:modified_time\" content=\"2025-08-06T10:41:16+00:00\" \/>\n<meta name=\"twitter:card\" content=\"summary_large_image\" \/>\n<meta name=\"twitter:title\" content=\"VOKA Wiki : Articles m\u00e9dicaux sur l&#039;anatomie, la physiologie et la pathologie humaines\" \/>\n<meta name=\"twitter:description\" content=\"D\u00e9couvrez VOKA Wiki - encyclop\u00e9die m\u00e9dicale d&#039;anatomie et de pathologie humaine. Une ressource fiable pour les \u00e9tudiants, les m\u00e9decins et les passionn\u00e9s de m\u00e9decine.\" \/>\n<script type=\"application\/ld+json\" class=\"yoast-schema-graph\">{\"@context\":\"https:\/\/schema.org\",\"@graph\":[{\"@type\":\"WebPage\",\"@id\":\"https:\/\/wiki.dev.voka.io\/fr\/\",\"url\":\"https:\/\/wiki.dev.voka.io\/fr\/\",\"name\":\"VOKA Wiki : Articles m\u00e9dicaux sur l'anatomie, la physiologie et la pathologie humaines\",\"isPartOf\":{\"@id\":\"https:\/\/wiki.dev.voka.io\/fr\/#website\"},\"datePublished\":\"2025-02-24T17:12:02+00:00\",\"dateModified\":\"2025-08-06T10:41:16+00:00\",\"description\":\"D\u00e9couvrez VOKA Wiki - encyclop\u00e9die m\u00e9dicale d'anatomie et de pathologie humaine. Une ressource fiable pour les \u00e9tudiants, les m\u00e9decins et les passionn\u00e9s de m\u00e9decine.\",\"breadcrumb\":{\"@id\":\"https:\/\/wiki.dev.voka.io\/fr\/#breadcrumb\"},\"inLanguage\":\"fr-FR\",\"potentialAction\":[{\"@type\":\"ReadAction\",\"target\":[\"https:\/\/wiki.dev.voka.io\/fr\/\"]}]},{\"@type\":\"BreadcrumbList\",\"@id\":\"https:\/\/wiki.dev.voka.io\/fr\/#breadcrumb\",\"itemListElement\":[{\"@type\":\"ListItem\",\"position\":1,\"name\":\"Home\",\"item\":\"https:\/\/wiki.dev.voka.io\/fr\/\"},{\"@type\":\"ListItem\",\"position\":2,\"name\":\"Page principale\"}]},{\"@type\":\"WebSite\",\"@id\":\"https:\/\/wiki.dev.voka.io\/fr\/#website\",\"url\":\"https:\/\/wiki.dev.voka.io\/fr\/\",\"name\":\"Voka Wiki\",\"description\":\"\",\"publisher\":{\"@id\":\"https:\/\/wiki.dev.voka.io\/fr\/#organization\"},\"alternateName\":\"Anatomy & Pathology Wiki by VOKA\",\"potentialAction\":[{\"@type\":\"SearchAction\",\"target\":{\"@type\":\"EntryPoint\",\"urlTemplate\":\"https:\/\/wiki.dev.voka.io\/fr\/?s={search_term_string}\"},\"query-input\":{\"@type\":\"PropertyValueSpecification\",\"valueRequired\":true,\"valueName\":\"search_term_string\"}}],\"inLanguage\":\"fr-FR\"},{\"@type\":\"Organization\",\"@id\":\"https:\/\/wiki.dev.voka.io\/fr\/#organization\",\"name\":\"Voka 3D Anatomy & Pathology\",\"alternateName\":\"VOKA\",\"url\":\"https:\/\/wiki.dev.voka.io\/fr\/\",\"logo\":{\"@type\":\"ImageObject\",\"inLanguage\":\"fr-FR\",\"@id\":\"https:\/\/wiki.dev.voka.io\/fr\/#\/schema\/logo\/image\/\",\"url\":\"https:\/\/wiki.dev.voka.io\/wp-content\/uploads\/2025\/02\/cropped-voka-logo-1.png\",\"contentUrl\":\"https:\/\/wiki.dev.voka.io\/wp-content\/uploads\/2025\/02\/cropped-voka-logo-1.png\",\"width\":70,\"height\":16,\"caption\":\"Voka 3D Anatomy & Pathology\"},\"image\":{\"@id\":\"https:\/\/wiki.dev.voka.io\/fr\/#\/schema\/logo\/image\/\"},\"sameAs\":[\"https:\/\/www.facebook.com\/VOKA3DAnatomyAndPathology\/\",\"https:\/\/www.instagram.com\/voka.io\/\",\"https:\/\/www.linkedin.com\/company\/voka-io\/\",\"https:\/\/www.youtube.com\/channel\/UCqGGuOEpr62ScH8Pjk2q5zw\/videos\",\"https:\/\/www.pinterest.com\/VokaAnatomyPro\/\",\"https:\/\/www.threads.com\/@voka.io\"],\"description\":\"VOKA.io offers 3D medical animations and custom 3D modeling services. Our product, VOKA 3D Anatomy & Pathology, is a digital atlas with over 1,000 detailed 3D models of human anatomy and pathology, designed for medical education, training, and patient communication.\",\"email\":\"info@voka.io\",\"telephone\":\"+1 814 351 4442\",\"legalName\":\"Voka 3D Anatomy & Pathology\",\"foundingDate\":\"2017-02-12\",\"naics\":\"541512\",\"numberOfEmployees\":{\"@type\":\"QuantitativeValue\",\"minValue\":\"51\",\"maxValue\":\"200\"},\"publishingPrinciples\":\"https:\/\/wiki.voka.io\/fr\/principes-de-publication\/\"}]}<\/script>\n<!-- \/ Yoast SEO Premium plugin. -->","yoast_head_json":{"title":"VOKA Wiki : Articles m\u00e9dicaux sur l'anatomie, la physiologie et la pathologie humaines","description":"D\u00e9couvrez VOKA Wiki - encyclop\u00e9die m\u00e9dicale d'anatomie et de pathologie humaine. Une ressource fiable pour les \u00e9tudiants, les m\u00e9decins et les passionn\u00e9s de m\u00e9decine.","robots":{"index":"noindex","follow":"follow","max-snippet":"max-snippet:-1","max-image-preview":"max-image-preview:large","max-video-preview":"max-video-preview:-1"},"og_locale":"fr_FR","og_type":"article","og_title":"VOKA Wiki : Articles m\u00e9dicaux sur l'anatomie, la physiologie et la pathologie humaines","og_description":"D\u00e9couvrez VOKA Wiki - encyclop\u00e9die m\u00e9dicale d'anatomie et de pathologie humaine. Une ressource fiable pour les \u00e9tudiants, les m\u00e9decins et les passionn\u00e9s de m\u00e9decine.","og_url":"https:\/\/wiki.dev.voka.io\/fr\/","og_site_name":"Voka Wiki","article_publisher":"https:\/\/www.facebook.com\/VOKA3DAnatomyAndPathology\/","article_modified_time":"2025-08-06T10:41:16+00:00","twitter_card":"summary_large_image","twitter_title":"VOKA Wiki : Articles m\u00e9dicaux sur l'anatomie, la physiologie et la pathologie humaines","twitter_description":"D\u00e9couvrez VOKA Wiki - encyclop\u00e9die m\u00e9dicale d'anatomie et de pathologie humaine. Une ressource fiable pour les \u00e9tudiants, les m\u00e9decins et les passionn\u00e9s de m\u00e9decine.","schema":{"@context":"https:\/\/schema.org","@graph":[{"@type":"WebPage","@id":"https:\/\/wiki.dev.voka.io\/fr\/","url":"https:\/\/wiki.dev.voka.io\/fr\/","name":"VOKA Wiki : Articles m\u00e9dicaux sur l'anatomie, la physiologie et la pathologie humaines","isPartOf":{"@id":"https:\/\/wiki.dev.voka.io\/fr\/#website"},"datePublished":"2025-02-24T17:12:02+00:00","dateModified":"2025-08-06T10:41:16+00:00","description":"D\u00e9couvrez VOKA Wiki - encyclop\u00e9die m\u00e9dicale d'anatomie et de pathologie humaine. Une ressource fiable pour les \u00e9tudiants, les m\u00e9decins et les passionn\u00e9s de m\u00e9decine.","breadcrumb":{"@id":"https:\/\/wiki.dev.voka.io\/fr\/#breadcrumb"},"inLanguage":"fr-FR","potentialAction":[{"@type":"ReadAction","target":["https:\/\/wiki.dev.voka.io\/fr\/"]}]},{"@type":"BreadcrumbList","@id":"https:\/\/wiki.dev.voka.io\/fr\/#breadcrumb","itemListElement":[{"@type":"ListItem","position":1,"name":"Home","item":"https:\/\/wiki.dev.voka.io\/fr\/"},{"@type":"ListItem","position":2,"name":"Page principale"}]},{"@type":"WebSite","@id":"https:\/\/wiki.dev.voka.io\/fr\/#website","url":"https:\/\/wiki.dev.voka.io\/fr\/","name":"Voka Wiki","description":"","publisher":{"@id":"https:\/\/wiki.dev.voka.io\/fr\/#organization"},"alternateName":"Anatomy & Pathology Wiki by VOKA","potentialAction":[{"@type":"SearchAction","target":{"@type":"EntryPoint","urlTemplate":"https:\/\/wiki.dev.voka.io\/fr\/?s={search_term_string}"},"query-input":{"@type":"PropertyValueSpecification","valueRequired":true,"valueName":"search_term_string"}}],"inLanguage":"fr-FR"},{"@type":"Organization","@id":"https:\/\/wiki.dev.voka.io\/fr\/#organization","name":"Voka 3D Anatomy & Pathology","alternateName":"VOKA","url":"https:\/\/wiki.dev.voka.io\/fr\/","logo":{"@type":"ImageObject","inLanguage":"fr-FR","@id":"https:\/\/wiki.dev.voka.io\/fr\/#\/schema\/logo\/image\/","url":"https:\/\/wiki.dev.voka.io\/wp-content\/uploads\/2025\/02\/cropped-voka-logo-1.png","contentUrl":"https:\/\/wiki.dev.voka.io\/wp-content\/uploads\/2025\/02\/cropped-voka-logo-1.png","width":70,"height":16,"caption":"Voka 3D Anatomy & Pathology"},"image":{"@id":"https:\/\/wiki.dev.voka.io\/fr\/#\/schema\/logo\/image\/"},"sameAs":["https:\/\/www.facebook.com\/VOKA3DAnatomyAndPathology\/","https:\/\/www.instagram.com\/voka.io\/","https:\/\/www.linkedin.com\/company\/voka-io\/","https:\/\/www.youtube.com\/channel\/UCqGGuOEpr62ScH8Pjk2q5zw\/videos","https:\/\/www.pinterest.com\/VokaAnatomyPro\/","https:\/\/www.threads.com\/@voka.io"],"description":"VOKA.io offers 3D medical animations and custom 3D modeling services. Our product, VOKA 3D Anatomy & Pathology, is a digital atlas with over 1,000 detailed 3D models of human anatomy and pathology, designed for medical education, training, and patient communication.","email":"info@voka.io","telephone":"+1 814 351 4442","legalName":"Voka 3D Anatomy & Pathology","foundingDate":"2017-02-12","naics":"541512","numberOfEmployees":{"@type":"QuantitativeValue","minValue":"51","maxValue":"200"},"publishingPrinciples":"https:\/\/wiki.voka.io\/fr\/principes-de-publication\/"}]}},"_links":{"self":[{"href":"https:\/\/wiki.dev.voka.io\/fr\/wp-json\/wp\/v2\/pages\/575","targetHints":{"allow":["GET"]}}],"collection":[{"href":"https:\/\/wiki.dev.voka.io\/fr\/wp-json\/wp\/v2\/pages"}],"about":[{"href":"https:\/\/wiki.dev.voka.io\/fr\/wp-json\/wp\/v2\/types\/page"}],"author":[{"embeddable":true,"href":"https:\/\/wiki.dev.voka.io\/fr\/wp-json\/wp\/v2\/users\/1"}],"replies":[{"embeddable":true,"href":"https:\/\/wiki.dev.voka.io\/fr\/wp-json\/wp\/v2\/comments?post=575"}],"version-history":[{"count":1,"href":"https:\/\/wiki.dev.voka.io\/fr\/wp-json\/wp\/v2\/pages\/575\/revisions"}],"predecessor-version":[{"id":576,"href":"https:\/\/wiki.dev.voka.io\/fr\/wp-json\/wp\/v2\/pages\/575\/revisions\/576"}],"wp:attachment":[{"href":"https:\/\/wiki.dev.voka.io\/fr\/wp-json\/wp\/v2\/media?parent=575"}],"curies":[{"name":"wp","href":"https:\/\/api.w.org\/{rel}","templated":true}]}}