{"id":1924,"date":"2025-11-25T13:05:29","date_gmt":"2025-11-25T10:05:29","guid":{"rendered":"https:\/\/wiki.dev.voka.io\/politique-de-confidentialite\/"},"modified":"2025-12-02T18:28:01","modified_gmt":"2025-12-02T15:28:01","slug":"politique-de-confidentialite","status":"publish","type":"page","link":"https:\/\/wiki.dev.voka.io\/fr\/politique-de-confidentialite\/","title":{"rendered":"Politique de confidentialit\u00e9"},"content":{"rendered":"","protected":false},"excerpt":{"rendered":"","protected":false},"author":1,"featured_media":0,"parent":0,"menu_order":0,"comment_status":"closed","ping_status":"closed","template":"templates\/privacy-policy-page.php","meta":{"_acf_changed":false,"footnotes":""},"class_list":["post-1924","page","type-page","status-publish","hentry"],"acf":[],"yoast_head":"<!-- This site is optimized with the Yoast SEO Premium plugin v25.0 (Yoast SEO v26.5) - https:\/\/yoast.com\/wordpress\/plugins\/seo\/ -->\n<title>Politique de confidentialit\u00e9 - VOKA WIKI<\/title>\n<meta name=\"description\" content=\"La politique de confidentialit\u00e9 officielle de VOKA WIKI. D\u00e9tails sur la conservation des donn\u00e9es, les technologies de suivi, les divulgations \u00e0 des tiers, et comment nous contacter au sujet de votre vie priv\u00e9e.\" \/>\n<meta name=\"robots\" content=\"noindex, follow, max-snippet:-1, max-image-preview:large, max-video-preview:-1\" \/>\n<meta property=\"og:locale\" content=\"fr_FR\" \/>\n<meta property=\"og:type\" content=\"article\" \/>\n<meta property=\"og:title\" content=\"Politique de confidentialit\u00e9\" \/>\n<meta property=\"og:description\" content=\"La politique de confidentialit\u00e9 officielle de VOKA WIKI. D\u00e9tails sur la conservation des donn\u00e9es, les technologies de suivi, les divulgations \u00e0 des tiers, et comment nous contacter au sujet de votre vie priv\u00e9e.\" \/>\n<meta property=\"og:url\" content=\"https:\/\/wiki.dev.voka.io\/fr\/politique-de-confidentialite\/\" \/>\n<meta property=\"og:site_name\" content=\"Voka Wiki\" \/>\n<meta property=\"article:publisher\" content=\"https:\/\/www.facebook.com\/VOKA3DAnatomyAndPathology\/\" \/>\n<meta property=\"article:modified_time\" content=\"2025-12-02T15:28:01+00:00\" \/>\n<meta name=\"twitter:card\" content=\"summary_large_image\" \/>\n<script type=\"application\/ld+json\" class=\"yoast-schema-graph\">{\"@context\":\"https:\/\/schema.org\",\"@graph\":[{\"@type\":\"WebPage\",\"@id\":\"https:\/\/wiki.dev.voka.io\/fr\/politique-de-confidentialite\/\",\"url\":\"https:\/\/wiki.dev.voka.io\/fr\/politique-de-confidentialite\/\",\"name\":\"Politique de confidentialit\u00e9 - VOKA WIKI\",\"isPartOf\":{\"@id\":\"https:\/\/wiki.dev.voka.io\/fr\/#website\"},\"datePublished\":\"2025-11-25T10:05:29+00:00\",\"dateModified\":\"2025-12-02T15:28:01+00:00\",\"description\":\"La politique de confidentialit\u00e9 officielle de VOKA WIKI. D\u00e9tails sur la conservation des donn\u00e9es, les technologies de suivi, les divulgations \u00e0 des tiers, et comment nous contacter au sujet de votre vie priv\u00e9e.\",\"breadcrumb\":{\"@id\":\"https:\/\/wiki.dev.voka.io\/fr\/politique-de-confidentialite\/#breadcrumb\"},\"inLanguage\":\"fr-FR\",\"potentialAction\":[{\"@type\":\"ReadAction\",\"target\":[\"https:\/\/wiki.dev.voka.io\/fr\/politique-de-confidentialite\/\"]}]},{\"@type\":\"BreadcrumbList\",\"@id\":\"https:\/\/wiki.dev.voka.io\/fr\/politique-de-confidentialite\/#breadcrumb\",\"itemListElement\":[{\"@type\":\"ListItem\",\"position\":1,\"name\":\"Home\",\"item\":\"https:\/\/wiki.dev.voka.io\/fr\/\"},{\"@type\":\"ListItem\",\"position\":2,\"name\":\"Politique de confidentialit\u00e9\"}]},{\"@type\":\"WebSite\",\"@id\":\"https:\/\/wiki.dev.voka.io\/fr\/#website\",\"url\":\"https:\/\/wiki.dev.voka.io\/fr\/\",\"name\":\"Voka Wiki\",\"description\":\"\",\"publisher\":{\"@id\":\"https:\/\/wiki.dev.voka.io\/fr\/#organization\"},\"alternateName\":\"Anatomy & Pathology Wiki by VOKA\",\"potentialAction\":[{\"@type\":\"SearchAction\",\"target\":{\"@type\":\"EntryPoint\",\"urlTemplate\":\"https:\/\/wiki.dev.voka.io\/fr\/?s={search_term_string}\"},\"query-input\":{\"@type\":\"PropertyValueSpecification\",\"valueRequired\":true,\"valueName\":\"search_term_string\"}}],\"inLanguage\":\"fr-FR\"},{\"@type\":\"Organization\",\"@id\":\"https:\/\/wiki.dev.voka.io\/fr\/#organization\",\"name\":\"Voka 3D Anatomy & Pathology\",\"alternateName\":\"VOKA\",\"url\":\"https:\/\/wiki.dev.voka.io\/fr\/\",\"logo\":{\"@type\":\"ImageObject\",\"inLanguage\":\"fr-FR\",\"@id\":\"https:\/\/wiki.dev.voka.io\/fr\/#\/schema\/logo\/image\/\",\"url\":\"https:\/\/wiki.dev.voka.io\/wp-content\/uploads\/2025\/02\/cropped-voka-logo-1.png\",\"contentUrl\":\"https:\/\/wiki.dev.voka.io\/wp-content\/uploads\/2025\/02\/cropped-voka-logo-1.png\",\"width\":70,\"height\":16,\"caption\":\"Voka 3D Anatomy & Pathology\"},\"image\":{\"@id\":\"https:\/\/wiki.dev.voka.io\/fr\/#\/schema\/logo\/image\/\"},\"sameAs\":[\"https:\/\/www.facebook.com\/VOKA3DAnatomyAndPathology\/\",\"https:\/\/www.instagram.com\/voka.io\/\",\"https:\/\/www.linkedin.com\/company\/voka-io\/\",\"https:\/\/www.youtube.com\/channel\/UCqGGuOEpr62ScH8Pjk2q5zw\/videos\",\"https:\/\/www.pinterest.com\/VokaAnatomyPro\/\",\"https:\/\/www.threads.com\/@voka.io\"],\"description\":\"VOKA.io offers 3D medical animations and custom 3D modeling services. Our product, VOKA 3D Anatomy & Pathology, is a digital atlas with over 1,000 detailed 3D models of human anatomy and pathology, designed for medical education, training, and patient communication.\",\"email\":\"info@voka.io\",\"telephone\":\"+1 814 351 4442\",\"legalName\":\"Voka 3D Anatomy & Pathology\",\"foundingDate\":\"2017-02-12\",\"naics\":\"541512\",\"numberOfEmployees\":{\"@type\":\"QuantitativeValue\",\"minValue\":\"51\",\"maxValue\":\"200\"},\"publishingPrinciples\":\"https:\/\/wiki.voka.io\/fr\/principes-de-publication\/\"}]}<\/script>\n<!-- \/ Yoast SEO Premium plugin. -->","yoast_head_json":{"title":"Politique de confidentialit\u00e9 - VOKA WIKI","description":"La politique de confidentialit\u00e9 officielle de VOKA WIKI. D\u00e9tails sur la conservation des donn\u00e9es, les technologies de suivi, les divulgations \u00e0 des tiers, et comment nous contacter au sujet de votre vie priv\u00e9e.","robots":{"index":"noindex","follow":"follow","max-snippet":"max-snippet:-1","max-image-preview":"max-image-preview:large","max-video-preview":"max-video-preview:-1"},"og_locale":"fr_FR","og_type":"article","og_title":"Politique de confidentialit\u00e9","og_description":"La politique de confidentialit\u00e9 officielle de VOKA WIKI. D\u00e9tails sur la conservation des donn\u00e9es, les technologies de suivi, les divulgations \u00e0 des tiers, et comment nous contacter au sujet de votre vie priv\u00e9e.","og_url":"https:\/\/wiki.dev.voka.io\/fr\/politique-de-confidentialite\/","og_site_name":"Voka Wiki","article_publisher":"https:\/\/www.facebook.com\/VOKA3DAnatomyAndPathology\/","article_modified_time":"2025-12-02T15:28:01+00:00","twitter_card":"summary_large_image","schema":{"@context":"https:\/\/schema.org","@graph":[{"@type":"WebPage","@id":"https:\/\/wiki.dev.voka.io\/fr\/politique-de-confidentialite\/","url":"https:\/\/wiki.dev.voka.io\/fr\/politique-de-confidentialite\/","name":"Politique de confidentialit\u00e9 - VOKA WIKI","isPartOf":{"@id":"https:\/\/wiki.dev.voka.io\/fr\/#website"},"datePublished":"2025-11-25T10:05:29+00:00","dateModified":"2025-12-02T15:28:01+00:00","description":"La politique de confidentialit\u00e9 officielle de VOKA WIKI. D\u00e9tails sur la conservation des donn\u00e9es, les technologies de suivi, les divulgations \u00e0 des tiers, et comment nous contacter au sujet de votre vie priv\u00e9e.","breadcrumb":{"@id":"https:\/\/wiki.dev.voka.io\/fr\/politique-de-confidentialite\/#breadcrumb"},"inLanguage":"fr-FR","potentialAction":[{"@type":"ReadAction","target":["https:\/\/wiki.dev.voka.io\/fr\/politique-de-confidentialite\/"]}]},{"@type":"BreadcrumbList","@id":"https:\/\/wiki.dev.voka.io\/fr\/politique-de-confidentialite\/#breadcrumb","itemListElement":[{"@type":"ListItem","position":1,"name":"Home","item":"https:\/\/wiki.dev.voka.io\/fr\/"},{"@type":"ListItem","position":2,"name":"Politique de confidentialit\u00e9"}]},{"@type":"WebSite","@id":"https:\/\/wiki.dev.voka.io\/fr\/#website","url":"https:\/\/wiki.dev.voka.io\/fr\/","name":"Voka Wiki","description":"","publisher":{"@id":"https:\/\/wiki.dev.voka.io\/fr\/#organization"},"alternateName":"Anatomy & Pathology Wiki by VOKA","potentialAction":[{"@type":"SearchAction","target":{"@type":"EntryPoint","urlTemplate":"https:\/\/wiki.dev.voka.io\/fr\/?s={search_term_string}"},"query-input":{"@type":"PropertyValueSpecification","valueRequired":true,"valueName":"search_term_string"}}],"inLanguage":"fr-FR"},{"@type":"Organization","@id":"https:\/\/wiki.dev.voka.io\/fr\/#organization","name":"Voka 3D Anatomy & Pathology","alternateName":"VOKA","url":"https:\/\/wiki.dev.voka.io\/fr\/","logo":{"@type":"ImageObject","inLanguage":"fr-FR","@id":"https:\/\/wiki.dev.voka.io\/fr\/#\/schema\/logo\/image\/","url":"https:\/\/wiki.dev.voka.io\/wp-content\/uploads\/2025\/02\/cropped-voka-logo-1.png","contentUrl":"https:\/\/wiki.dev.voka.io\/wp-content\/uploads\/2025\/02\/cropped-voka-logo-1.png","width":70,"height":16,"caption":"Voka 3D Anatomy & Pathology"},"image":{"@id":"https:\/\/wiki.dev.voka.io\/fr\/#\/schema\/logo\/image\/"},"sameAs":["https:\/\/www.facebook.com\/VOKA3DAnatomyAndPathology\/","https:\/\/www.instagram.com\/voka.io\/","https:\/\/www.linkedin.com\/company\/voka-io\/","https:\/\/www.youtube.com\/channel\/UCqGGuOEpr62ScH8Pjk2q5zw\/videos","https:\/\/www.pinterest.com\/VokaAnatomyPro\/","https:\/\/www.threads.com\/@voka.io"],"description":"VOKA.io offers 3D medical animations and custom 3D modeling services. Our product, VOKA 3D Anatomy & Pathology, is a digital atlas with over 1,000 detailed 3D models of human anatomy and pathology, designed for medical education, training, and patient communication.","email":"info@voka.io","telephone":"+1 814 351 4442","legalName":"Voka 3D Anatomy & Pathology","foundingDate":"2017-02-12","naics":"541512","numberOfEmployees":{"@type":"QuantitativeValue","minValue":"51","maxValue":"200"},"publishingPrinciples":"https:\/\/wiki.voka.io\/fr\/principes-de-publication\/"}]}},"_links":{"self":[{"href":"https:\/\/wiki.dev.voka.io\/fr\/wp-json\/wp\/v2\/pages\/1924","targetHints":{"allow":["GET"]}}],"collection":[{"href":"https:\/\/wiki.dev.voka.io\/fr\/wp-json\/wp\/v2\/pages"}],"about":[{"href":"https:\/\/wiki.dev.voka.io\/fr\/wp-json\/wp\/v2\/types\/page"}],"author":[{"embeddable":true,"href":"https:\/\/wiki.dev.voka.io\/fr\/wp-json\/wp\/v2\/users\/1"}],"replies":[{"embeddable":true,"href":"https:\/\/wiki.dev.voka.io\/fr\/wp-json\/wp\/v2\/comments?post=1924"}],"version-history":[{"count":1,"href":"https:\/\/wiki.dev.voka.io\/fr\/wp-json\/wp\/v2\/pages\/1924\/revisions"}],"predecessor-version":[{"id":2075,"href":"https:\/\/wiki.dev.voka.io\/fr\/wp-json\/wp\/v2\/pages\/1924\/revisions\/2075"}],"wp:attachment":[{"href":"https:\/\/wiki.dev.voka.io\/fr\/wp-json\/wp\/v2\/media?parent=1924"}],"curies":[{"name":"wp","href":"https:\/\/api.w.org\/{rel}","templated":true}]}}