{"id":6622,"date":"2026-04-21T12:09:58","date_gmt":"2026-04-21T09:09:58","guid":{"rendered":"https:\/\/wiki.dev.voka.io\/calculadora-fecha-parto\/"},"modified":"2026-04-28T14:00:33","modified_gmt":"2026-04-28T11:00:33","slug":"calculadora-fecha-parto","status":"publish","type":"page","link":"https:\/\/wiki.dev.voka.io\/es\/herramientas\/calculadora-fecha-parto\/","title":{"rendered":"Calculadora de embarazo y fecha probable de parto"},"content":{"rendered":"<p><?xml encoding=\"UTF-8\" ?><\/p>\n<h2 class=\"wp-block-heading\" id=\"como-se-calcula-la-fecha-probable-de-parto\">\u00bfC\u00f3mo se calcula la fecha probable de parto?<\/h2>\n<p>Existen varias maneras de determinar la fecha probable de parto. Cada m\u00e9todo requiere datos de entrada ligeramente diferentes, por lo que los resultados pueden variar seg\u00fan el m\u00e9todo elegido.<\/p>\n<p><strong>Lo que se debe saber:<\/strong><\/p>\n<ul class=\"wp-block-list\">\n<li>Solo entre el 4% y el 5% de los beb\u00e9s nacen exactamente en la fecha prevista.<\/li>\n<li>Un embarazo a t\u00e9rmino suele durar entre 37 y 42\u00a0semanas.<\/li>\n<li>La fecha probable de parto (FPP) es una fecha estimada que puede cambiar despu\u00e9s de los ex\u00e1menes m\u00e9dicos.<\/li>\n<li>Los diferentes m\u00e9todos de c\u00e1lculo (por menstruaci\u00f3n, fecha de concepci\u00f3n o ecograf\u00eda) pueden dar resultados ligeramente diferentes.<\/li>\n<\/ul>\n<h3 class=\"wp-block-heading\" id=\"calculo-por-el-primer-dia-de-la-ultima-regla\">C\u00e1lculo por el primer d\u00eda de la \u00faltima regla<\/h3>\n<p>Esta es la forma m\u00e1s com\u00fan de calcular la fecha de parto. Se basa en el primer d\u00eda de la \u00faltima menstruaci\u00f3n, ya que esta fecha suele ser m\u00e1s f\u00e1cil de recordar que el d\u00eda exacto de la concepci\u00f3n.<\/p>\n<p>El embarazo promedio dura unas 40\u00a0semanas (280\u00a0d\u00edas), por lo que el c\u00e1lculo es sencillo: se suman 280\u00a0d\u00edas al primer d\u00eda de la \u00faltima menstruaci\u00f3n. Este m\u00e9todo se conoce como la regla de Naegele.<\/p>\n<p class=\"blocked-text\"><mark style=\"background-color:rgba(0, 0, 0, 0);color:#0a717b\" class=\"has-inline-color\">F\u00f3rmula<\/mark>: Fecha de parto = Primer d\u00eda de la \u00faltima menstruaci\u00f3n + 280\u00a0d\u00edas<\/p>\n<p>Tambi\u00e9n se puede restar 3\u00a0meses a la fecha de la \u00faltima menstruaci\u00f3n y sumar 7\u00a0d\u00edas.<\/p>\n<p><strong>Por ejemplo, el primer d\u00eda de la \u00faltima menstruaci\u00f3n fue el 10 de enero.<\/strong><\/p>\n<ul class=\"wp-block-list\">\n<li>Menos 3 meses \u2192 el 10 de octubre;<\/li>\n<li>M\u00e1s 7 d\u00edas \u2192 el 17 de octubre.<\/li>\n<\/ul>\n<p><strong>Fecha probable de parto<\/strong>: el 17 de octubre.<\/p>\n<p>Este m\u00e9todo presupone un ciclo menstrual regular de 28\u00a0d\u00edas y la ovulaci\u00f3n alrededor del d\u00eda 14. Si el ciclo menstrual es irregular, la fecha estimada puede ser menos precisa, pero sigue siendo un punto de partida fiable y es ampliamente utilizada por los m\u00e9dicos.<\/p>\n<h3 class=\"wp-block-heading\" id=\"calculo-por-fecha-de-concepcion\">C\u00e1lculo por fecha de concepci\u00f3n<\/h3>\n<p>Si conoce la fecha estimada de concepci\u00f3n, puede calcular la fecha probable de parto sum\u00e1ndole 38\u00a0semanas (266\u00a0d\u00edas) a esa fecha. Este m\u00e9todo puede parecer m\u00e1s preciso, especialmente si estaba siguiendo su ovulaci\u00f3n o planeando un embarazo.<\/p>\n<p>Sin embargo, no siempre es posible determinar el d\u00eda exacto de la concepci\u00f3n. Los espermatozoides pueden permanecer viables en el cuerpo de la mujer hasta 5\u00a0d\u00edas, y la ovulaci\u00f3n no siempre ocurre el mismo d\u00eda del ciclo. Esto significa que, aunque se conozca el d\u00eda de la relaci\u00f3n sexual, la fecundaci\u00f3n podr\u00eda haber ocurrido m\u00e1s tarde.<\/p>\n<p>Por lo tanto, los m\u00e9dicos rara vez utilizan la fecha de concepci\u00f3n como \u00fanico dato, pero puede ser una gu\u00eda \u00fatil.<\/p>\n<h3 class=\"wp-block-heading\" id=\"calculo-por-ecografia-temprana\">C\u00e1lculo por ecograf\u00eda temprana<\/h3>\n<p>La ecograf\u00eda temprana, especialmente en el primer trimestre, se considera una de las formas m\u00e1s precisas de determinar la fecha probable de parto. Se utiliza con frecuencia para confirmar o ajustar la fecha calculada a partir de la menstruaci\u00f3n.<\/p>\n<p>Durante la ecograf\u00eda, el m\u00e9dico mide el tama\u00f1o del embri\u00f3n (normalmente la longitud cefalocaudal). Estas mediciones ayudan a determinar la edad gestacional y a calcular con mayor precisi\u00f3n la fecha probable de parto.<\/p>\n<p>Este m\u00e9todo es especialmente \u00fatil si tiene ciclos irregulares o no est\u00e1 segura de la fecha de su \u00faltima menstruaci\u00f3n o concepci\u00f3n. En estos casos, los datos de la ecograf\u00eda pueden utilizarse como m\u00e9todo principal para determinar la fecha de embarazo.<\/p>\n<p>Seg\u00fan el Colegio Americano de Obstetras y Ginec\u00f3logos (American College of Obstetricians and Gynecologists), la ecograf\u00eda del primer trimestre es el m\u00e9todo m\u00e1s preciso para determinar la duraci\u00f3n del embarazo y la fecha probable de parto.<\/p>\n<h2 class=\"wp-block-heading\" id=\"en-que-semana-de-embarazo-estoy-ahora\">\u00bfEn qu\u00e9 semana de embarazo estoy ahora?<\/h2>\n<p>Si ya conoce la fecha probable de parto, determinar la fase actual de su embarazo es bastante sencillo. La calculadora cuenta hacia atr\u00e1s desde la fecha probable de parto (40\u00a0semanas de embarazo) hasta hoy y muestra la duraci\u00f3n de su embarazo en semanas y d\u00edas.<\/p>\n<p>El embarazo generalmente se divide en tres trimestres:<\/p>\n<div class=\"images-steps-block\">\n<div class=\"images-steps-item\">\n<div class=\"images-steps-item-marker\">\n<div class=\"images-steps-item-number\">1<\/div>\n<\/div>\n<div class=\"images-steps-item-info\">\n<p class=\"main-text-article\"><b>Primer trimestre<\/b>: semanas 1 a 12<\/p>\n<p><img decoding=\"async\" src=\"https:\/\/storage.googleapis.com\/dev_wiki_voka_io_303011\/common\/first-trimester.webp\"><\/div>\n<\/div>\n<div class=\"images-steps-item\">\n<div class=\"images-steps-item-marker\">\n<div class=\"images-steps-item-number\">2<\/div>\n<\/div>\n<div class=\"images-steps-item-info\">\n<p class=\"main-text-article\"><b>Segundo trimestre<\/b>: semanas 13 a 27<\/p>\n<p><img decoding=\"async\" src=\"https:\/\/storage.googleapis.com\/dev_wiki_voka_io_303011\/common\/second-trimester.webp\"><\/div>\n<\/div>\n<div class=\"images-steps-item\">\n<div class=\"images-steps-item-marker\">\n<div class=\"images-steps-item-number\">3<\/div>\n<\/div>\n<div class=\"images-steps-item-info\">\n<p class=\"main-text-article\"><b>Tercer trimestre<\/b>: semanas 28 a 40<\/p>\n<p><img decoding=\"async\" src=\"https:\/\/storage.googleapis.com\/dev_wiki_voka_io_303011\/common\/third-trimester.webp\"><\/div>\n<\/div>\n<\/div>\n<p>A medida que se acerca el parto, tambi\u00e9n es posible que escuche los siguientes t\u00e9rminos:<\/p>\n<ul class=\"wp-block-list\">\n<li><strong>Parto prematuro:<\/strong> antes de completar 37\u00a0semanas de gestaci\u00f3n;<\/li>\n<li><strong>Parto a t\u00e9rmino temprano:<\/strong> entre las 37\u00a0semanas 0\u00a0d\u00edas y las 38\u00a0semanas 6\u00a0d\u00edas de gestaci\u00f3n;<\/li>\n<li><strong>Embarazo a t\u00e9rmino completo:<\/strong> entre las 39\u00a0semanas 0\u00a0d\u00edas y las 40\u00a0semanas 6\u00a0d\u00edas de gestaci\u00f3n;<\/li>\n<li><strong>Embarazo a t\u00e9rmino tard\u00edo:<\/strong> entre las 41\u00a0semanas 0\u00a0d\u00edas y las 41\u00a0semanas 6\u00a0d\u00edas de gestaci\u00f3n;<\/li>\n<li><strong>Embarazo post\u00e9rmino:<\/strong> 42\u00a0semanas o m\u00e1s.<\/li>\n<\/ul>\n<p>Estas categor\u00edas ayudan a los m\u00e9dicos a evaluar el progreso del embarazo y a tomar decisiones sobre el parto m\u00e1s seguro para la madre y el beb\u00e9.<\/p>\n<div>\n<h2 class=\"faq-title h2-article\" id=\"faq\">FAQ<\/h2>\n<div class=\"faq-section\">\n<div class=\"faq-item faq-answer-hidden\">\n<div class=\"question-block\">\n<div class=\"faq-question\">\n<p class=\" text-black h5-title\">\u00bfQu\u00e9 es la FPP?<\/p>\n<\/div>\n<div class=\"faq-answer text-main-text-color main-text-medium\">La fecha probable de parto (FPP) es la fecha estimada en la que es m\u00e1s probable que nazca el beb\u00e9. Se calcula en funci\u00f3n de la duraci\u00f3n media del embarazo (unas 40\u00a0semanas), bas\u00e1ndose en la fecha de la \u00faltima menstruaci\u00f3n, la fecha de concepci\u00f3n o una ecograf\u00eda temprana.<\/div>\n<\/div>\n<div class=\"expand-button-wrapper\"><button class=\"text-accent expand-button\">+<\/button><\/div>\n<\/div>\n<div class=\"faq-item faq-answer-hidden\">\n<div class=\"question-block\">\n<div class=\"faq-question\">\n<p class=\" text-black h5-title\">\u00bfQu\u00e9 tan precisa es la calculadora de fecha de parto?<\/p>\n<\/div>\n<div class=\"faq-answer text-main-text-color main-text-medium\">La calculadora proporciona una estimaci\u00f3n fiable de la fecha, pero no una garant\u00eda exacta. Solo el 5% de los ni\u00f1os nacen en la fecha estimada. Se trata m\u00e1s bien de una gu\u00eda que puede ajustarse posteriormente en funci\u00f3n de los resultados de la ecograf\u00eda.<\/div>\n<\/div>\n<div class=\"expand-button-wrapper\"><button class=\"text-accent expand-button\">+<\/button><\/div>\n<\/div>\n<div class=\"faq-item faq-answer-hidden\">\n<div class=\"question-block\">\n<div class=\"faq-question\">\n<p class=\" text-black h5-title\">\u00bfC\u00f3mo calcular la fecha de parto si tiene un ciclo menstrual irregular?<\/p>\n<\/div>\n<div class=\"faq-answer text-main-text-color main-text-medium\">Si su ciclo menstrual es irregular, el c\u00e1lculo por su \u00faltima menstruaci\u00f3n podr\u00eda no ser preciso. En este caso, la ecograf\u00eda temprana se considera el m\u00e9todo m\u00e1s fiable, ya que se basa en el desarrollo real del feto.<\/div>\n<\/div>\n<div class=\"expand-button-wrapper\"><button class=\"text-accent expand-button\">+<\/button><\/div>\n<\/div>\n<div class=\"faq-item faq-answer-hidden\">\n<div class=\"question-block\">\n<div class=\"faq-question\">\n<p class=\" text-black h5-title\">\u00bfPuede cambiar la FPP?<\/p>\n<\/div>\n<div class=\"faq-answer text-main-text-color main-text-medium\">S\u00ed. Especialmente al principio del embarazo, su m\u00e9dico puede ajustar la fecha probable de parto si una ecograf\u00eda muestra una edad gestacional diferente a la esperada inicialmente.<\/div>\n<\/div>\n<div class=\"expand-button-wrapper\"><button class=\"text-accent expand-button\">+<\/button><\/div>\n<\/div>\n<div class=\"faq-item faq-answer-hidden\">\n<div class=\"question-block\">\n<div class=\"faq-question\">\n<p class=\" text-black h5-title\">\u00bfC\u00f3mo puedo saber exactamente de cu\u00e1ntas semanas de embarazo estoy?<\/p>\n<\/div>\n<div class=\"faq-answer text-main-text-color main-text-medium\">El periodo de embarazo se calcula a partir del primer d\u00eda de la \u00faltima menstruaci\u00f3n o retrocediendo desde la fecha probable de parto. La mayor\u00eda de las calculadoras muestran el periodo en semanas y d\u00edas.<\/div>\n<\/div>\n<div class=\"expand-button-wrapper\"><button class=\"text-accent expand-button\">+<\/button><\/div>\n<\/div>\n<div class=\"faq-item faq-answer-hidden\">\n<div class=\"question-block\">\n<div class=\"faq-question\">\n<p class=\" text-black h5-title\">\u00bfQu\u00e9 es m\u00e1s preciso: la fecha de concepci\u00f3n o el primer d\u00eda de la \u00faltima menstruaci\u00f3n?<\/p>\n<\/div>\n<div class=\"faq-answer text-main-text-color main-text-medium\">El primer d\u00eda de la \u00faltima menstruaci\u00f3n se utiliza con m\u00e1s frecuencia porque esta fecha es m\u00e1s f\u00e1cil de determinar. No siempre se conoce la fecha exacta de la concepci\u00f3n. Sin embargo, se considera que el m\u00e9todo m\u00e1s preciso para confirmar la edad gestacional es una ecograf\u00eda temprana.<\/div>\n<\/div>\n<div class=\"expand-button-wrapper\"><button class=\"text-accent expand-button\">+<\/button><\/div>\n<\/div>\n<\/div>\n<\/div>\n<div class=\"sources-list-block sources-list-hidden\" id=\"bibliografia\">\n<div class=\"sources-list-content\">\n<div class=\"sources-list-title\">\n<p class=\"small-text-bold text-black sources-list-title-text\">Bibliograf\u00eda<\/p>\n<div class=\"sources-expand-button-wrapper-mobile\">\n<div class=\"sources-expand-button\"><svg width=\"32\" height=\"32\" viewbox=\"0 0 32 32\" fill=\"none\" xmlns=\"http:\/\/www.w3.org\/2000\/svg\"><path d=\"M8 12L16 20L24 12\" stroke=\"#8C9AAB\" stroke-width=\"2\" stroke-linecap=\"round\" stroke-linejoin=\"round\"><\/path><\/svg><\/div>\n<\/div>\n<\/div>\n<div class=\"sources-list-items\">\n<div class=\"source-item\">\n<p class=\"main-text-semibold text-black\">1.<\/p>\n<div class=\"source-item-content\">\n<p class=\"main-text-semibold text-black\"><cite>American College of Obstetricians and Gynecologists (ACOG) [Internet]<\/cite><\/p>\n<p><span class=\"small-text-medium text-grey\">Disponible en: https:\/\/www.acog.org\/clinical\/clinical-guidance\/committee-opinion\/articles\/2017\/05\/methods-for-estimating-the-due-date<\/span><\/div>\n<\/div>\n<div class=\"source-item\">\n<p class=\"main-text-semibold text-black\">2.<\/p>\n<div class=\"source-item-content\">\n<p class=\"main-text-semibold text-black\"><cite>MSD Manuals [Internet]<\/cite><\/p>\n<p><span class=\"small-text-medium text-grey\">Disponible en: https:\/\/www.msdmanuals.com\/professional\/pediatrics\/perinatal-problems\/gestational-age <\/span><\/div>\n<\/div>\n<\/div>\n<\/div>\n<div class=\"sources-expand-button-wrapper\">\n<div class=\"sources-expand-button\"><svg width=\"32\" height=\"32\" viewbox=\"0 0 32 32\" fill=\"none\" xmlns=\"http:\/\/www.w3.org\/2000\/svg\"><path d=\"M8 12L16 20L24 12\" stroke=\"#8C9AAB\" stroke-width=\"2\" stroke-linecap=\"round\" stroke-linejoin=\"round\"><\/path><\/svg><\/div>\n<\/div>\n<\/div>\n","protected":false},"excerpt":{"rendered":"<p>\u00bfC\u00f3mo se calcula la fecha probable de parto? Existen varias maneras de determinar la fecha probable de parto. Cada m\u00e9todo requiere datos de entrada ligeramente diferentes, por lo que los resultados pueden variar seg\u00fan el m\u00e9todo elegido. Lo que se debe saber: C\u00e1lculo por el primer d\u00eda de la \u00faltima regla Esta es la forma [&hellip;]<\/p>\n","protected":false},"author":5,"featured_media":0,"parent":0,"menu_order":0,"comment_status":"closed","ping_status":"closed","template":"templates\/due-date-calculator.php","meta":{"_acf_changed":false,"footnotes":""},"class_list":["post-6622","page","type-page","status-publish","hentry"],"acf":[],"yoast_head":"<!-- This site is optimized with the Yoast SEO Premium plugin v25.0 (Yoast SEO v26.5) - https:\/\/yoast.com\/wordpress\/plugins\/seo\/ -->\n<title>\u0421alculadora de fecha probable de parto: calcule su fecha probable de parto y la duraci\u00f3n del embarazo en semanas<\/title>\n<meta name=\"description\" content=\"Conozca su fecha probable de parto (FPP) con nuestra calculadora precisa. Calcule la duraci\u00f3n de su embarazo en semanas bas\u00e1ndose en la fecha de su \u00faltima menstruaci\u00f3n, la fecha de concepci\u00f3n o una ecograf\u00eda.\" \/>\n<meta name=\"robots\" content=\"index, follow, max-snippet:-1, max-image-preview:large, max-video-preview:-1\" \/>\n<link rel=\"canonical\" href=\"https:\/\/wiki.dev.voka.io\/es\/herramientas\/calculadora-fecha-parto\/\" \/>\n<meta property=\"og:locale\" content=\"es_ES\" \/>\n<meta property=\"og:type\" content=\"article\" \/>\n<meta property=\"og:title\" content=\"Calculadora de embarazo y fecha probable de parto\" \/>\n<meta property=\"og:description\" content=\"Conozca su fecha probable de parto (FPP) con nuestra calculadora precisa. Calcule la duraci\u00f3n de su embarazo en semanas bas\u00e1ndose en la fecha de su \u00faltima menstruaci\u00f3n, la fecha de concepci\u00f3n o una ecograf\u00eda.\" \/>\n<meta property=\"og:url\" content=\"https:\/\/wiki.dev.voka.io\/es\/herramientas\/calculadora-fecha-parto\/\" \/>\n<meta property=\"og:site_name\" content=\"Voka Wiki\" \/>\n<meta property=\"article:publisher\" content=\"https:\/\/www.facebook.com\/VOKA3DAnatomyAndPathology\/\" \/>\n<meta property=\"article:modified_time\" content=\"2026-04-28T11:00:33+00:00\" \/>\n<meta name=\"twitter:card\" content=\"summary_large_image\" \/>\n<meta name=\"twitter:label1\" content=\"Tiempo de lectura\" \/>\n\t<meta name=\"twitter:data1\" content=\"5 minutos\" \/>\n<script type=\"application\/ld+json\" class=\"yoast-schema-graph\">{\"@context\":\"https:\/\/schema.org\",\"@graph\":[{\"@type\":\"WebPage\",\"@id\":\"https:\/\/wiki.dev.voka.io\/es\/herramientas\/calculadora-fecha-parto\/\",\"url\":\"https:\/\/wiki.dev.voka.io\/es\/herramientas\/calculadora-fecha-parto\/\",\"name\":\"\u0421alculadora de fecha probable de parto: calcule su fecha probable de parto y la duraci\u00f3n del embarazo en semanas\",\"isPartOf\":{\"@id\":\"https:\/\/wiki.dev.voka.io\/es\/#website\"},\"datePublished\":\"2026-04-21T09:09:58+00:00\",\"dateModified\":\"2026-04-28T11:00:33+00:00\",\"description\":\"Conozca su fecha probable de parto (FPP) con nuestra calculadora precisa. Calcule la duraci\u00f3n de su embarazo en semanas bas\u00e1ndose en la fecha de su \u00faltima menstruaci\u00f3n, la fecha de concepci\u00f3n o una ecograf\u00eda.\",\"breadcrumb\":{\"@id\":\"https:\/\/wiki.dev.voka.io\/es\/herramientas\/calculadora-fecha-parto\/#breadcrumb\"},\"inLanguage\":\"es\",\"potentialAction\":[{\"@type\":\"ReadAction\",\"target\":[\"https:\/\/wiki.dev.voka.io\/es\/herramientas\/calculadora-fecha-parto\/\"]}]},{\"@type\":\"BreadcrumbList\",\"@id\":\"https:\/\/wiki.dev.voka.io\/es\/herramientas\/calculadora-fecha-parto\/#breadcrumb\",\"itemListElement\":[{\"@type\":\"ListItem\",\"position\":1,\"name\":\"Home\",\"item\":\"https:\/\/wiki.dev.voka.io\/es\/\"},{\"@type\":\"ListItem\",\"position\":2,\"name\":\"Calculadora de embarazo y fecha probable de parto\"}]},{\"@type\":\"WebSite\",\"@id\":\"https:\/\/wiki.dev.voka.io\/es\/#website\",\"url\":\"https:\/\/wiki.dev.voka.io\/es\/\",\"name\":\"Voka Wiki\",\"description\":\"\",\"publisher\":{\"@id\":\"https:\/\/wiki.dev.voka.io\/es\/#organization\"},\"alternateName\":\"Anatomy & Pathology Wiki by VOKA\",\"potentialAction\":[{\"@type\":\"SearchAction\",\"target\":{\"@type\":\"EntryPoint\",\"urlTemplate\":\"https:\/\/wiki.dev.voka.io\/es\/?s={search_term_string}\"},\"query-input\":{\"@type\":\"PropertyValueSpecification\",\"valueRequired\":true,\"valueName\":\"search_term_string\"}}],\"inLanguage\":\"es\"},{\"@type\":\"Organization\",\"@id\":\"https:\/\/wiki.dev.voka.io\/es\/#organization\",\"name\":\"Voka 3D Anatomy & Pathology\",\"alternateName\":\"VOKA\",\"url\":\"https:\/\/wiki.dev.voka.io\/es\/\",\"logo\":{\"@type\":\"ImageObject\",\"inLanguage\":\"es\",\"@id\":\"https:\/\/wiki.dev.voka.io\/es\/#\/schema\/logo\/image\/\",\"url\":\"https:\/\/wiki.dev.voka.io\/wp-content\/uploads\/2025\/02\/cropped-voka-logo-1.png\",\"contentUrl\":\"https:\/\/wiki.dev.voka.io\/wp-content\/uploads\/2025\/02\/cropped-voka-logo-1.png\",\"width\":70,\"height\":16,\"caption\":\"Voka 3D Anatomy & Pathology\"},\"image\":{\"@id\":\"https:\/\/wiki.dev.voka.io\/es\/#\/schema\/logo\/image\/\"},\"sameAs\":[\"https:\/\/www.facebook.com\/VOKA3DAnatomyAndPathology\/\",\"https:\/\/www.instagram.com\/voka.io\/\",\"https:\/\/www.linkedin.com\/company\/voka-io\/\",\"https:\/\/www.youtube.com\/channel\/UCqGGuOEpr62ScH8Pjk2q5zw\/videos\",\"https:\/\/www.pinterest.com\/VokaAnatomyPro\/\",\"https:\/\/www.threads.com\/@voka.io\"],\"description\":\"VOKA.io offers 3D medical animations and custom 3D modeling services. Our product, VOKA 3D Anatomy & Pathology, is a digital atlas with over 1,000 detailed 3D models of human anatomy and pathology, designed for medical education, training, and patient communication.\",\"email\":\"info@voka.io\",\"telephone\":\"+1 814 351 4442\",\"legalName\":\"Voka 3D Anatomy & Pathology\",\"foundingDate\":\"2017-02-12\",\"naics\":\"541512\",\"numberOfEmployees\":{\"@type\":\"QuantitativeValue\",\"minValue\":\"51\",\"maxValue\":\"200\"},\"publishingPrinciples\":\"https:\/\/wiki.voka.io\/es\/principios-de-publicacion\/\"}]}<\/script>\n<!-- \/ Yoast SEO Premium plugin. -->","yoast_head_json":{"title":"\u0421alculadora de fecha probable de parto: calcule su fecha probable de parto y la duraci\u00f3n del embarazo en semanas","description":"Conozca su fecha probable de parto (FPP) con nuestra calculadora precisa. Calcule la duraci\u00f3n de su embarazo en semanas bas\u00e1ndose en la fecha de su \u00faltima menstruaci\u00f3n, la fecha de concepci\u00f3n o una ecograf\u00eda.","robots":{"index":"index","follow":"follow","max-snippet":"max-snippet:-1","max-image-preview":"max-image-preview:large","max-video-preview":"max-video-preview:-1"},"canonical":"https:\/\/wiki.dev.voka.io\/es\/herramientas\/calculadora-fecha-parto\/","og_locale":"es_ES","og_type":"article","og_title":"Calculadora de embarazo y fecha probable de parto","og_description":"Conozca su fecha probable de parto (FPP) con nuestra calculadora precisa. Calcule la duraci\u00f3n de su embarazo en semanas bas\u00e1ndose en la fecha de su \u00faltima menstruaci\u00f3n, la fecha de concepci\u00f3n o una ecograf\u00eda.","og_url":"https:\/\/wiki.dev.voka.io\/es\/herramientas\/calculadora-fecha-parto\/","og_site_name":"Voka Wiki","article_publisher":"https:\/\/www.facebook.com\/VOKA3DAnatomyAndPathology\/","article_modified_time":"2026-04-28T11:00:33+00:00","twitter_card":"summary_large_image","twitter_misc":{"Tiempo de lectura":"5 minutos"},"schema":{"@context":"https:\/\/schema.org","@graph":[{"@type":"WebPage","@id":"https:\/\/wiki.dev.voka.io\/es\/herramientas\/calculadora-fecha-parto\/","url":"https:\/\/wiki.dev.voka.io\/es\/herramientas\/calculadora-fecha-parto\/","name":"\u0421alculadora de fecha probable de parto: calcule su fecha probable de parto y la duraci\u00f3n del embarazo en semanas","isPartOf":{"@id":"https:\/\/wiki.dev.voka.io\/es\/#website"},"datePublished":"2026-04-21T09:09:58+00:00","dateModified":"2026-04-28T11:00:33+00:00","description":"Conozca su fecha probable de parto (FPP) con nuestra calculadora precisa. Calcule la duraci\u00f3n de su embarazo en semanas bas\u00e1ndose en la fecha de su \u00faltima menstruaci\u00f3n, la fecha de concepci\u00f3n o una ecograf\u00eda.","breadcrumb":{"@id":"https:\/\/wiki.dev.voka.io\/es\/herramientas\/calculadora-fecha-parto\/#breadcrumb"},"inLanguage":"es","potentialAction":[{"@type":"ReadAction","target":["https:\/\/wiki.dev.voka.io\/es\/herramientas\/calculadora-fecha-parto\/"]}]},{"@type":"BreadcrumbList","@id":"https:\/\/wiki.dev.voka.io\/es\/herramientas\/calculadora-fecha-parto\/#breadcrumb","itemListElement":[{"@type":"ListItem","position":1,"name":"Home","item":"https:\/\/wiki.dev.voka.io\/es\/"},{"@type":"ListItem","position":2,"name":"Calculadora de embarazo y fecha probable de parto"}]},{"@type":"WebSite","@id":"https:\/\/wiki.dev.voka.io\/es\/#website","url":"https:\/\/wiki.dev.voka.io\/es\/","name":"Voka Wiki","description":"","publisher":{"@id":"https:\/\/wiki.dev.voka.io\/es\/#organization"},"alternateName":"Anatomy & Pathology Wiki by VOKA","potentialAction":[{"@type":"SearchAction","target":{"@type":"EntryPoint","urlTemplate":"https:\/\/wiki.dev.voka.io\/es\/?s={search_term_string}"},"query-input":{"@type":"PropertyValueSpecification","valueRequired":true,"valueName":"search_term_string"}}],"inLanguage":"es"},{"@type":"Organization","@id":"https:\/\/wiki.dev.voka.io\/es\/#organization","name":"Voka 3D Anatomy & Pathology","alternateName":"VOKA","url":"https:\/\/wiki.dev.voka.io\/es\/","logo":{"@type":"ImageObject","inLanguage":"es","@id":"https:\/\/wiki.dev.voka.io\/es\/#\/schema\/logo\/image\/","url":"https:\/\/wiki.dev.voka.io\/wp-content\/uploads\/2025\/02\/cropped-voka-logo-1.png","contentUrl":"https:\/\/wiki.dev.voka.io\/wp-content\/uploads\/2025\/02\/cropped-voka-logo-1.png","width":70,"height":16,"caption":"Voka 3D Anatomy & Pathology"},"image":{"@id":"https:\/\/wiki.dev.voka.io\/es\/#\/schema\/logo\/image\/"},"sameAs":["https:\/\/www.facebook.com\/VOKA3DAnatomyAndPathology\/","https:\/\/www.instagram.com\/voka.io\/","https:\/\/www.linkedin.com\/company\/voka-io\/","https:\/\/www.youtube.com\/channel\/UCqGGuOEpr62ScH8Pjk2q5zw\/videos","https:\/\/www.pinterest.com\/VokaAnatomyPro\/","https:\/\/www.threads.com\/@voka.io"],"description":"VOKA.io offers 3D medical animations and custom 3D modeling services. Our product, VOKA 3D Anatomy & Pathology, is a digital atlas with over 1,000 detailed 3D models of human anatomy and pathology, designed for medical education, training, and patient communication.","email":"info@voka.io","telephone":"+1 814 351 4442","legalName":"Voka 3D Anatomy & Pathology","foundingDate":"2017-02-12","naics":"541512","numberOfEmployees":{"@type":"QuantitativeValue","minValue":"51","maxValue":"200"},"publishingPrinciples":"https:\/\/wiki.voka.io\/es\/principios-de-publicacion\/"}]}},"_links":{"self":[{"href":"https:\/\/wiki.dev.voka.io\/es\/wp-json\/wp\/v2\/pages\/6622","targetHints":{"allow":["GET"]}}],"collection":[{"href":"https:\/\/wiki.dev.voka.io\/es\/wp-json\/wp\/v2\/pages"}],"about":[{"href":"https:\/\/wiki.dev.voka.io\/es\/wp-json\/wp\/v2\/types\/page"}],"author":[{"embeddable":true,"href":"https:\/\/wiki.dev.voka.io\/es\/wp-json\/wp\/v2\/users\/5"}],"replies":[{"embeddable":true,"href":"https:\/\/wiki.dev.voka.io\/es\/wp-json\/wp\/v2\/comments?post=6622"}],"version-history":[{"count":3,"href":"https:\/\/wiki.dev.voka.io\/es\/wp-json\/wp\/v2\/pages\/6622\/revisions"}],"predecessor-version":[{"id":6627,"href":"https:\/\/wiki.dev.voka.io\/es\/wp-json\/wp\/v2\/pages\/6622\/revisions\/6627"}],"wp:attachment":[{"href":"https:\/\/wiki.dev.voka.io\/es\/wp-json\/wp\/v2\/media?parent=6622"}],"curies":[{"name":"wp","href":"https:\/\/api.w.org\/{rel}","templated":true}]}}